{"id":10587,"date":"2024-06-21T12:11:19","date_gmt":"2024-06-21T11:11:19","guid":{"rendered":"https:\/\/lecercleducoin.fr\/?page_id=10587"},"modified":"2024-06-25T07:52:36","modified_gmt":"2024-06-25T06:52:36","slug":"aux-armes-et-cetera","status":"publish","type":"page","link":"https:\/\/lecercleducoin.fr\/en\/nos-communiques\/aux-armes-et-cetera\/","title":{"rendered":"\u00ab Aux armes, et cetera ! \u00bb"},"content":{"rendered":"<div class=\"wpb_row clearfix vc_row-fluid\" ><div class=\"wpb_column vc_column_container vc_col-sm-12\"><div class=\"vc_column-inner\"><div class=\"wpb_wrapper\"><div class=\"vc_empty_space\"  style=\"height: 32px\" ><span class=\"vc_empty_space_inner\"><\/span><\/div>\n<div id=\"ultimate-heading-315469e08122e6dda\" class=\"uvc-heading ultimate-heading-315469e08122e6dda uvc-9056\" data-hspacer=\"no_spacer\"  data-halign=\"center\" style=\"text-align:center\"><div class=\"uvc-heading-spacer no_spacer\" style=\"top\"><\/div><div class=\"uvc-main-heading ult-responsive\"  data-ultimate-target='.uvc-heading.ultimate-heading-315469e08122e6dda h1'  data-responsive-json-new='{\"font-size\":\"\",\"line-height\":\"\"}' ><h1 style=\"font-weight:normal;color:#ffffff;\">\u00ab Aux armes, et cetera ! \u00bb<br \/>Les Bitcoineurs parlent aux Fran\u00e7ais.<\/h1><\/div><div class=\"uvc-sub-heading ult-responsive\"  data-ultimate-target='.uvc-heading.ultimate-heading-315469e08122e6dda .uvc-sub-heading '  data-responsive-json-new='{\"font-size\":\"\",\"line-height\":\"\"}'  style=\"font-weight:normal;\"><br \/>\n&nbsp;<br \/>\n<\/div><\/div><div class=\"vc_empty_space\"  style=\"height: 32px\" ><span class=\"vc_empty_space_inner\"><\/span><\/div>\n<\/div><\/div><\/div><\/div><div id=\"wpvc_row_particles\" style=\"position: absolute; left=0; top=0; width: 100%; height: 100%;background: rgba(0, 155, 76, 1.0)\" data-minspeedx=\"1\" data-maxspeedx=\"7\" data-minspeedy=\"1\" data-maxspeedy=\"7\" data-directionx=\"center\" data-directiony=\"center\" data-density=\"10000\" data-dotcolor=\"rgba(227, 244, 232, 1.0)\" data-linecolor=\"rgba(227, 244, 232, 1.0)\" data-particleradius=\"7\" data-linewidth=\"1\" data-proximity=\"100\" data-parallax=\"true\" data-parallaxmultiplier=\"5\" data-grabhover=\"true\" data-grabdistance=\"100\"><\/div><div class=\"wpb_row clearfix vc_row-fluid\" ><div class=\"wpb_column vc_column_container vc_col-sm-3\"><div class=\"vc_column-inner\"><div class=\"wpb_wrapper\"><\/div><\/div><\/div><div class=\"wpb_column vc_column_container vc_col-sm-6\"><div class=\"vc_column-inner\"><div class=\"wpb_wrapper\">\n\t<div class=\"wpb_text_column wpb_content_element\">\n\t\t<div class=\"wpb_wrapper\">\n\t\t\t<div id=\"attachment_24\"  class=\"wp-caption aligncenter\"><img decoding=\"async\" class=\"size-full wp-image-24\" src=\"https:\/\/lecercleducoin.fr\/wp-content\/uploads\/2024\/06\/semeuse-bitcoin.png\" alt=\"Mariane seumeuse bitcoin\"  \/><\/p>\n<p> illustration cr\u00e9ation originale par El Sombrero<\/p>\n<\/div>\n<p>   &nbsp;<br \/>\nPeste brune ou rouge et centro-europ\u00e9istes b\u00e9ats\u00a0: le discours public a institu\u00e9 trois camps en attendant que les l\u00e9gislatives donnent un gagnant. Ou pas. Gagnant qui sera aussit\u00f4t contest\u00e9, ou contourn\u00e9. Les urnes, la rue, l\u2019administration forment une course \u00e0 obstacles d\u00e9primante.<\/p>\n<p>Car les \u00e9lecteurs savent que leurs impuissants suffrages passeront ensuite comme b\u00eates mortes dans la machine \u00e0 <em>corned-beef<\/em>. Les politiques bricolent d\u00e9j\u00e0 des coalitions d\u2019avant-suffrage. L\u2019apr\u00e8s-suffrage en inventera de nouvelles\u00a0: centre d\u00e9bordant, bascule du bloc central ou coalitions dynamiques. Une pinc\u00e9e de 49.3 rendra la chose comestible sinon app\u00e9tissante.<\/p>\n<p>Certes la politique int\u00e9resse toujours les Fran\u00e7ais, m\u00eame ceux, abstentionnistes de c\u0153ur ou de d\u00e9go\u00fbt, qui ont abandonn\u00e9 la pratique \u00e9lectorale. Mais ils voient qu\u2019elle se r\u00e9sume \u00e0 des discours creux quand les gestes concrets capables de mettre en question le syst\u00e8me qui les mine et les domine, les gestes capables de tracer un d\u00e9but d\u2019alternative, ne sont pas pr\u00e9sents au d\u00e9bat.<\/p>\n<p>Dans la communaut\u00e9 des bitcoineurs se m\u00ealent \u00ab\u00a0gauchos\u00a0\u00bb et \u00ab\u00a0droitards\u00a0\u00bb, lib\u00e9raux et socialistes, centristes, anarchistes, \u00e9cologistes, pirates et beaucoup de non-votants. Tout ce qui fait d\u00e9bat dans la soci\u00e9t\u00e9 fait aussi d\u00e9bat chez nous. M\u00eame cette tribune a fait d\u00e9bat\u00a0!<\/p>\n<p>Au-del\u00e0 de nos clivages, qu\u2019avons-nous en commun\u00a0? Nous consid\u00e9rons Bitcoin comme un progr\u00e8s technique mais aussi \u00e9conomique et politique, comme un \u00e9l\u00e9ment de solution aux probl\u00e8mes de notre temps.<\/p>\n<p><strong>L\u2019\u00e9conomie par des adultes, pour des adultes et sans joker pour les gouvernants<\/strong><\/p>\n<p>Les \u00ab\u00a0bitcoineurs\u00a0\u00bb partagent un regard qui, de l\u2019\u0153il droit ou de l\u2019\u0153il gauche, n\u2019est jamais complaisant sur l\u2019\u00e9conomie officielle et les \u00e9conomistes de la t\u00e9l\u00e9vision. Ils refusent d\u2019\u00eatre bern\u00e9s par des promesses de campagne qui font depuis des d\u00e9cennies le lit d\u2019un d\u00e9sespoir croissant. La gouvernance de Bitcoin est d\u00e9centralis\u00e9e, informatis\u00e9e, rigoureuse et s\u00e9rieuse. Les promesses vagues, les promesses creuses, l\u2019argent magique ou les commissions occultes n\u2019y ont pas leur place.<\/p>\n<p>L\u2019\u00e9mission de nouveaux bitcoins est programm\u00e9e selon un algorithme pr\u00e9cis. La transparence de la blockchain permet d\u2019identifier l\u2019origine de chaque bitcoin. La raret\u00e9 impose la bonne utilisation de chaque unit\u00e9 de capital. Dans un tel \u00e9cosyst\u00e8me il n\u2019y a pas d\u2019assouplissement quantitatif pour un ministre de l\u2019\u00c9conomie d\u00e9faillant, pas de perte de pouvoir d\u2019achat des sans-grades, pas de fuite en avant de la dette nationale. Bitcoin sugg\u00e8re une soci\u00e9t\u00e9 horizontale et responsable qui force les uns et les autres \u00e0 l\u2019humilit\u00e9.<\/p>\n<p><strong>Une lutte contre les normes qui nous \u00e9touffent. <\/strong><\/p>\n<p>Les bitcoineurs d\u00e9fendent une forme de libert\u00e9, dans un syst\u00e8me simple o\u00f9 l\u2019ordre s\u2019exerce sans autorit\u00e9 corruptible ou versatile. Ils d\u00e9noncent donc les r\u00e8gles irr\u00e9alistes, inapplicables ou infantilisantes invent\u00e9es par un \u00c9tat tatillon.<\/p>\n<p>Contre ce qui finit souvent en infantilisation organis\u00e9e par l\u2019\u00c9tat \u00ab\u00a0Papa-Maman\u00a0\u00bb (\u00e0 la fois nourricier et autoritaire) les bitcoineurs participent, depuis bient\u00f4t 15 ans maintenant, \u00e0 la cr\u00e9ation, \u00e0 l\u2019entretien et \u00e0 la d\u00e9fense d\u2019un bien commun norm\u00e9 et efficace. Dans ce cadre, l\u2019initiative individuelle (celle du myst\u00e9rieux cr\u00e9ateur s\u2019il \u00e9tait seul mais surtout celles de centaines de cr\u00e9ateurs d\u2019entreprises, de forums ou de m\u00e9dias) reste essentielle mais elle ne peut \u00eatre pr\u00e9sent\u00e9e comme celle de sauveurs individuels ou providentiels ni repr\u00e9senter une posture d\u2019attente du Messie. Les bitcoineurs font leur le vieux slogan \u201cni C\u00e9sar, ni tribun\u201d.<\/p>\n<p>Les bitcoineurs n\u2019attendent rien des soi-disant nouvelles monnaies num\u00e9riques que les banques centrales veulent nous mettre dans la poche pour mieux nous tracer, et \u00e9ventuellement mieux nous restreindre. Bitcoin est un cash, comme celui dont les pouvoirs publics n\u2019ont cess\u00e9 de restreindre l\u2019usage.<\/p>\n<p>Si vous poss\u00e9dez des Bitcoins, vous pouvez les d\u00e9penser ou les donner sans remplir de formulaire ni qu\u00e9mander l\u2019accord de votre banquier. C\u2019est une responsabilit\u00e9 et un motif de fiert\u00e9. L\u2019\u00c9tat ne peut techniquement pas saisir votre capital en Bitcoin sans engager une vraie proc\u00e9dure judiciaire avec une injonction justifi\u00e9e.<\/p>\n<p>Pour toutes ces raisons Bitcoin agit comme un thermom\u00e8tre qui indique la fi\u00e8vre\u00a0: il force celui qui comprend cela \u00e0 mesurer le poison du trop-plein r\u00e9glementaire qui mobilise partout une force de travail importante pour des activit\u00e9s de paperasse sans valeur. L\u2019hyper-r\u00e9glementation a abouti ces 40 derni\u00e8res ann\u00e9es \u00e0 la stagnation du PIB et \u00e0 l\u2019effacement de la France dans la course aux technologies de demain.<\/p>\n<p>Votre conseiller bancaire lui-m\u00eame aime vous r\u00e9p\u00e9ter que le secret d\u2019une bonne \u00e9pargne, c\u2019est la diversification. Mais parlez-lui de Bitcoin et il va multiplier les mises en garde, voire les menaces. Or, de fa\u00e7on tr\u00e8s compr\u00e9hensible et tr\u00e8s classique, l\u2019injection d\u2019une dose de Bitcoin dans votre strat\u00e9gie d\u2019\u00e9pargne serait un geste salutaire pour pr\u00e9parer votre avenir. Un nombre croissant de gestionnaires professionnels en tiennent d\u00e9sormais compte. Et vous\u00a0?<\/p>\n<p><strong>\u00a0<\/strong><\/p>\n<p><strong>Bitcoin est un outil mon\u00e9taire pour tous les Fran\u00e7ais.<\/strong><\/p>\n<p>Vous faut-il une petite dose de Bitcoin par simple souci de diversification, ou une dose plus importante par prudence\u00a0?<\/p>\n<p>L\u2019\u00e9tat actuel de l\u2019\u00e9conomie fran\u00e7aise comme la qualit\u00e9 de plus en plus critique de sa dette ne mettent pas les Fran\u00e7ais \u00e0 l\u2019abri d\u2019une crise bancaire, d\u2019un trou d\u2019air boursier ou, dans le pire des sc\u00e9narios, d\u2019un krach immobilier aux lourdes cons\u00e9quences. A titre individuel, investir dans un actif alternatif tel que l\u2019or ou le bitcoin peut s\u2019av\u00e9rer avis\u00e9 pour faire face \u00e0 un possible krach obligataire.<\/p>\n<p>On ne vous l\u2019a pas trop dit, mais des \u00e9tudes statistiques montrent que Bitcoin est d\u00e9j\u00e0 la monnaie alternative librement choisie par pr\u00e8s de 10% de la population fran\u00e7aise, qui l\u2019ont adopt\u00e9 malgr\u00e9 les tirs de barrage. Ce n\u2019est pas la monnaie des gagnants et des profiteurs des immenses injections d\u2019argent magique, ce n\u2019est pas la monnaie des hauts-fonctionnaires, ce n\u2019est pas la monnaie des cadres de grandes entreprises, ce n\u2019est pas la monnaie des \u00e9conomistes qui papotent sur les cha\u00eenes dites d\u2019information. Ce n\u2019est pas la monnaie de ceux qui ne comprennent pas son int\u00e9r\u00eat, puisque l\u2019euro, \u00e7a marche fort bien pour eux et pour les \u00e9lites.<\/p>\n<p>Certes Bitcoin a quelques millionnaires voyants et il a servi \u00e0 quelques crapules, comme toutes les monnaies. Mais dans sa r\u00e9alit\u00e9 mondiale c\u2019est la monnaie des perdants, des exclus, des jeunes, des marginaux. Du Salvador. Des non-bancaris\u00e9s. Des entrepreneurs \u00e9touff\u00e9s. De ceux qui ont abandonn\u00e9 l\u2019id\u00e9e d\u2019\u00eatre rep\u00each\u00e9s par un homme providentiel. Bitcoin est une monnaie ha\u00efe par un syst\u00e8me qui ne le contr\u00f4le pas. Bitcoin est un instrument de libert\u00e9 pour des individus qui n\u2019attendent plus qu\u2019on les aide, c\u2019est aussi une chance pour les ambitieux.<\/p>\n<p><strong>Bitcoin est une raison d\u2019optimisme post-\u00e9lectoral.<\/strong><\/p>\n<p>Si Bitcoin est un espoir \u00e9conomique, il est aussi un espoir social pour tous ceux qui vivent en France, pour ceux qui votent, ceux qui ne votent pas ou ceux qui ne peuvent pas voter.<\/p>\n<p>Voici ce que, r\u00e9unis par-del\u00e0 nos propres clivages (qui sont les v\u00f4tres) nous avons \u00e0 vous dire amicalement\u00a0:<\/p>\n<p>Toi, le LFIste qui crains la peste brune\u00a0: sache que ton Bitcoin n\u2019a pas de couleur de peau et te permet de r\u00e9sister \u00e0 l\u2019inflation pour pr\u00e9server ton pouvoir d\u2019achat, mais pense aussi qu\u2019une \u00e9conomie arrim\u00e9e \u00e0 un \u00e9talon aussi s\u00e9rieux que Bitcoin \u00e9viterait le recours facile \u00e0 l\u2019emprunt pour financer des guerres que tu refuses.<\/p>\n<p>Toi, le centriste mondialiste qui crains la mont\u00e9e des extr\u00eames\u00a0: Bitcoin est une monnaie transnationale qui te permettra de vivre pleinement ta vie de \u00ab\u00a0anywhere\u00a0\u00bb et il repr\u00e9sente aussi une diversification de ton portefeuille d\u2019actifs qui risque de tanguer le 8 juillet au matin au r\u00e9veil des bourses mondiales.<\/p>\n<p>Toi, le RNiste\u00a0: \u00e9pargner en Bitcoin plut\u00f4t qu\u2019en obligations t\u2019\u00e9vitera de financer la gabegie \u00e9tatique tout en te laissant un p\u00e9cule si le prix de ton logement devait s\u2019effondrer en raison de la proximit\u00e9 de narco-trafiquants.<\/p>\n<p>Toi, l\u2019amoureux de la France\u00a0: Pourquoi accepterais-tu de voir les Etats-Unis pr\u00e9empter ce secteur comme ils l\u2019ont fait sur le web et les r\u00e9seaux sociaux ? Comprends que Bitcoin est un actif qui peut changer la donne pour la France et l\u2019Europe, \u00e0 de nombreux \u00e9gards, depuis la d\u00e9dollarisation de notre \u00e9conomie jusqu\u2019au d\u00e9veloppement d\u2019un secteur cr\u00e9ateur d\u2019emplois qualifi\u00e9s et valorisants.<\/p>\n<p>Toi, l\u2019\u00e9cologiste\u00a0: Bitcoin d\u00e9pense de l\u2019\u00e9nergie, mais seules les \u00e9tudes financ\u00e9es par les Banques centrales te laissent croire qu\u2019il en consomme plus que la monnaie l\u00e9gale. En r\u00e9alit\u00e9 il est bien plus \u00e9co-efficient. Lorsqu&rsquo;on laisse les universitaires faire leur travail de fa\u00e7on ind\u00e9pendante, ils concluent\u00a0que Bitcoin est un atout pour la transition \u00e9nerg\u00e9tique, favorisant le d\u00e9ploiement d&rsquo;ENR, la stabilisation des r\u00e9seaux \u00e9lectriques et la chasse au m\u00e9thane. Et dans un monde o\u00f9 toute ressource doit \u00eatre compt\u00e9e et utilis\u00e9e de mani\u00e8re responsable, pourquoi l\u2019argent serait-il la seule chose illimit\u00e9e (alors que toi-m\u00eame tu n\u2019en as pas tant que \u00e7a, en plus)\u00a0?<\/p>\n<p>Toi, l\u2019abstentionniste d\u00e9\u00e7u de la politique et qui ne crois qu\u2019en toi pour assumer ton avenir\u00a0: Bitcoin t\u2019\u00e9vite les pi\u00e8ges et la m\u00e9diocrit\u00e9 des produits d\u2019\u00e9pargne r\u00e9glement\u00e9s et te propose un syst\u00e8me dont la gouvernance ne souffre ni combine politique ni fait du prince et dont l\u2019usage ajoute de la transparence dans le public<\/p>\n<p><strong>Et si nous apprenions de Bitcoin\u00a0? Et s\u2019il nous r\u00e9conciliait\u00a0?<\/strong> Cela ne se fera pas sans que chacun de nous \u00e9tudie et \u00ab\u00a0mette le sujet sur la table\u00a0\u00bb, interpelle \u00ab\u00a0son\u00a0\u00bb candidat, en parle d\u2019abord \u00e0 ceux de \u00ab\u00a0son\u00a0\u00bb camp, avant que tous ne comprennent que\u00a0la monnaie est en r\u00e9alit\u00e9 un sujet qui concerne tout le monde<\/p>\n<p><strong>\u00a0<\/strong><\/p>\n<p><strong>Pour le \u00ab\u00a0Cercle du Coin\u00a0\u00bb, ses administrateurs\u00a0: <\/strong>Adrian Sauzade, Adli Takkal Bataille, Claire Balva, Jacques Favier, Laurent Benichou, Nazim Morera, Isabelle Tereygeol<\/p>\n<p><strong>Et aussi\u00a0:<\/strong> Alexandre Stachtchenko, Laurent MT, Ludovic Lars, S\u00e9bastien Gouspillou, Yorick de Mombynes, Daniel Villa Monteiro, Faune, Jean-Luc &amp; Marco de Bitcoin.fr<\/p>\n\n\t\t<\/div>\n\t<\/div>\n<\/div><\/div><\/div><div class=\"wpb_column vc_column_container vc_col-sm-3\"><div class=\"vc_column-inner\"><div class=\"wpb_wrapper\"><\/div><\/div><\/div><\/div>","protected":false},"excerpt":{"rendered":"<p><a class=\"sd-more sd-all-trans\" href=\"https:\/\/lecercleducoin.fr\/en\/nos-communiques\/aux-armes-et-cetera\/#more-10587\">Read More<\/a><\/p>","protected":false},"author":18,"featured_media":10588,"parent":1989,"menu_order":0,"comment_status":"closed","ping_status":"closed","template":"full-width-page.php","meta":{"footnotes":""},"class_list":["post-10587","page","type-page","status-publish","has-post-thumbnail","hentry"],"_links":{"self":[{"href":"https:\/\/lecercleducoin.fr\/en\/wp-json\/wp\/v2\/pages\/10587","targetHints":{"allow":["GET"]}}],"collection":[{"href":"https:\/\/lecercleducoin.fr\/en\/wp-json\/wp\/v2\/pages"}],"about":[{"href":"https:\/\/lecercleducoin.fr\/en\/wp-json\/wp\/v2\/types\/page"}],"author":[{"embeddable":true,"href":"https:\/\/lecercleducoin.fr\/en\/wp-json\/wp\/v2\/users\/18"}],"replies":[{"embeddable":true,"href":"https:\/\/lecercleducoin.fr\/en\/wp-json\/wp\/v2\/comments?post=10587"}],"version-history":[{"count":16,"href":"https:\/\/lecercleducoin.fr\/en\/wp-json\/wp\/v2\/pages\/10587\/revisions"}],"predecessor-version":[{"id":10606,"href":"https:\/\/lecercleducoin.fr\/en\/wp-json\/wp\/v2\/pages\/10587\/revisions\/10606"}],"up":[{"embeddable":true,"href":"https:\/\/lecercleducoin.fr\/en\/wp-json\/wp\/v2\/pages\/1989"}],"wp:featuredmedia":[{"embeddable":true,"href":"https:\/\/lecercleducoin.fr\/en\/wp-json\/wp\/v2\/media\/10588"}],"wp:attachment":[{"href":"https:\/\/lecercleducoin.fr\/en\/wp-json\/wp\/v2\/media?parent=10587"}],"curies":[{"name":"wp","href":"https:\/\/api.w.org\/{rel}","templated":true}]}}