{"id":1169,"date":"2016-11-08T00:29:53","date_gmt":"2016-11-07T23:29:53","guid":{"rendered":"http:\/\/lecercleducoin.fr\/?page_id=1169"},"modified":"2017-03-10T14:36:07","modified_gmt":"2017-03-10T13:36:07","slug":"defi-bitcoin-raj-autodisciple","status":"publish","type":"page","link":"https:\/\/lecercleducoin.fr\/en\/defi-bitcoin-raj-autodisciple\/","title":{"rendered":"D\u00e9fi Bitcoin : RAJ Autodisciple"},"content":{"rendered":"<div class=\"wpb_row clearfix vc_row-fluid\" ><div class=\"wpb_column vc_column_container vc_col-sm-12\"><div class=\"vc_column-inner\"><div class=\"wpb_wrapper\"><div class=\"vc_empty_space\"  style=\"height: 32px\" ><span class=\"vc_empty_space_inner\"><\/span><\/div>\n<div id=\"ultimate-heading-337369e477e5db216\" class=\"uvc-heading ultimate-heading-337369e477e5db216 uvc-5131\" data-hspacer=\"no_spacer\"  data-halign=\"center\" style=\"text-align:center\"><div class=\"uvc-heading-spacer no_spacer\" style=\"top\"><\/div><div class=\"uvc-main-heading ult-responsive\"  data-ultimate-target='.uvc-heading.ultimate-heading-337369e477e5db216 h1'  data-responsive-json-new='{\"font-size\":\"\",\"line-height\":\"\"}' ><h1 style=\"font-weight:normal;color:#ffffff;\">D\u00c9FI BITCOIN : RAJ AUTODISCIPLE<\/h1><\/div><\/div><div class=\"vc_empty_space\"  style=\"height: 32px\" ><span class=\"vc_empty_space_inner\"><\/span><\/div>\n<\/div><\/div><\/div><\/div><div id=\"wpvc_row_particles\" style=\"position: absolute; left=0; top=0; width: 100%; height: 100%;background: rgba(0, 157, 79, 1.0)\" data-minspeedx=\"1\" data-maxspeedx=\"7\" data-minspeedy=\"1\" data-maxspeedy=\"7\" data-directionx=\"center\" data-directiony=\"center\" data-density=\"10000\" data-dotcolor=\"rgba(247, 247, 247, 1.0)\" data-linecolor=\"rgba(247, 247, 247, 1.0)\" data-particleradius=\"7\" data-linewidth=\"1\" data-proximity=\"100\" data-parallax=\"true\" data-parallaxmultiplier=\"5\" data-grabhover=\"true\" data-grabdistance=\"100\"><\/div><div class=\"wpb_row clearfix vc_row-fluid\" ><div class=\"wpb_column vc_column_container vc_col-sm-3\"><div class=\"vc_column-inner\"><div class=\"wpb_wrapper\"><\/div><\/div><\/div><div class=\"wpb_column vc_column_container vc_col-sm-6\"><div class=\"vc_column-inner\"><div class=\"wpb_wrapper\"><div class=\"vc_empty_space\"  style=\"height: 32px\" ><span class=\"vc_empty_space_inner\"><\/span><\/div>\n\n\t<div class=\"wpb_text_column wpb_content_element\">\n\t\t<div class=\"wpb_wrapper\">\n\t\t\t<p>Le Cercle du Coin s&rsquo;allie avec le vid\u00e9aste Raj de la <a href=\"https:\/\/www.youtube.com\/channel\/UCDMxcev7u9Nf7KMJuyIm-BA\/videos\" target=\"_blank\">cha\u00eene Youtube Autodisciple<\/a>. Celui-ci va effectuer le d\u00e9fi de vivre un mois en Bitcoin. Le Cercle l&rsquo;aidera de diff\u00e9rentes mani\u00e8res pour ce d\u00e9fi film\u00e9 et in\u00e9dit en France.<\/p>\n<p>Voici la description de sa chaine Youtube :<\/p>\n<blockquote>\n<pre>Je lis des gros livres et j'en fais des petits films. \r\nEt je fais des d\u00e9fis d\u00e9biles qui sont intelligents.<\/pre>\n<\/blockquote>\n<p>Et voici la pr\u00e9sentation\u00a0du d\u00e9fi\u00a0:<\/p>\n<p><iframe loading=\"lazy\" src=\"https:\/\/www.youtube.com\/embed\/aDu3xEhrqm4\" width=\"560\" height=\"315\" frameborder=\"0\" allowfullscreen=\"allowfullscreen\"><\/iframe><\/p>\n<p>Vous trouverez la playlist du d\u00e9fi ci-dessous :<br \/>\n<iframe loading=\"lazy\" src=\"https:\/\/www.youtube.com\/embed\/xOG1gf7gbAM?list=PLT87O8mKz3D2DwREQwaARl-T-aomkFeGK\" width=\"560\" height=\"315\" frameborder=\"0\" allowfullscreen=\"allowfullscreen\"><\/iframe><\/p>\n\n\t\t<\/div>\n\t<\/div>\n<\/div><\/div><\/div><div class=\"wpb_column vc_column_container vc_col-sm-3\"><div class=\"vc_column-inner\"><div class=\"wpb_wrapper\"><\/div><\/div><\/div><\/div>","protected":false},"excerpt":{"rendered":"<p><a class=\"sd-more sd-all-trans\" href=\"https:\/\/lecercleducoin.fr\/en\/defi-bitcoin-raj-autodisciple\/#more-1169\">Read More<\/a><\/p>","protected":false},"author":1,"featured_media":0,"parent":0,"menu_order":0,"comment_status":"closed","ping_status":"closed","template":"full-width-page.php","meta":{"footnotes":""},"class_list":["post-1169","page","type-page","status-publish","hentry"],"_links":{"self":[{"href":"https:\/\/lecercleducoin.fr\/en\/wp-json\/wp\/v2\/pages\/1169","targetHints":{"allow":["GET"]}}],"collection":[{"href":"https:\/\/lecercleducoin.fr\/en\/wp-json\/wp\/v2\/pages"}],"about":[{"href":"https:\/\/lecercleducoin.fr\/en\/wp-json\/wp\/v2\/types\/page"}],"author":[{"embeddable":true,"href":"https:\/\/lecercleducoin.fr\/en\/wp-json\/wp\/v2\/users\/1"}],"replies":[{"embeddable":true,"href":"https:\/\/lecercleducoin.fr\/en\/wp-json\/wp\/v2\/comments?post=1169"}],"version-history":[{"count":8,"href":"https:\/\/lecercleducoin.fr\/en\/wp-json\/wp\/v2\/pages\/1169\/revisions"}],"predecessor-version":[{"id":1413,"href":"https:\/\/lecercleducoin.fr\/en\/wp-json\/wp\/v2\/pages\/1169\/revisions\/1413"}],"wp:attachment":[{"href":"https:\/\/lecercleducoin.fr\/en\/wp-json\/wp\/v2\/media?parent=1169"}],"curies":[{"name":"wp","href":"https:\/\/api.w.org\/{rel}","templated":true}]}}