{"id":1175,"date":"2016-11-08T00:58:43","date_gmt":"2016-11-07T23:58:43","guid":{"rendered":"http:\/\/lecercleducoin.fr\/?page_id=1175"},"modified":"2016-11-08T09:46:16","modified_gmt":"2016-11-08T08:46:16","slug":"passage-du-bitcoin-french-bitcoin-boulevard","status":"publish","type":"page","link":"https:\/\/lecercleducoin.fr\/en\/passage-du-bitcoin-french-bitcoin-boulevard\/","title":{"rendered":"Passage du Bitcoin : French Bitcoin Boulevard"},"content":{"rendered":"<div class=\"wpb_row clearfix vc_row-fluid\" ><div class=\"wpb_column vc_column_container vc_col-sm-12\"><div class=\"vc_column-inner\"><div class=\"wpb_wrapper\"><div class=\"vc_empty_space\"  style=\"height: 32px\" ><span class=\"vc_empty_space_inner\"><\/span><\/div>\n<div id=\"ultimate-heading-294769ff2f94e9020\" class=\"uvc-heading ultimate-heading-294769ff2f94e9020 uvc-7103\" data-hspacer=\"no_spacer\"  data-halign=\"center\" style=\"text-align:center\"><div class=\"uvc-heading-spacer no_spacer\" style=\"top\"><\/div><div class=\"uvc-main-heading ult-responsive\"  data-ultimate-target='.uvc-heading.ultimate-heading-294769ff2f94e9020 h1'  data-responsive-json-new='{\"font-size\":\"\",\"line-height\":\"\"}' ><h1 style=\"font-weight:normal;color:#ffffff;\">LE PASSAGE DU BITCOIN<\/h1><\/div><\/div><div class=\"vc_empty_space\"  style=\"height: 32px\" ><span class=\"vc_empty_space_inner\"><\/span><\/div>\n<\/div><\/div><\/div><\/div><div id=\"wpvc_row_particles\" style=\"position: absolute; left=0; top=0; width: 100%; height: 100%;background: rgba(255, 153, 0, 1.0)\" data-minspeedx=\"1\" data-maxspeedx=\"7\" data-minspeedy=\"1\" data-maxspeedy=\"7\" data-directionx=\"center\" data-directiony=\"center\" data-density=\"10000\" data-dotcolor=\"rgba(247, 247, 247, 1.0)\" data-linecolor=\"rgba(247, 247, 247, 1.0)\" data-particleradius=\"7\" data-linewidth=\"1\" data-proximity=\"100\" data-parallax=\"true\" data-parallaxmultiplier=\"5\" data-grabhover=\"true\" data-grabdistance=\"100\"><\/div><div class=\"wpb_row clearfix vc_row-fluid\" ><div class=\"wpb_column vc_column_container vc_col-sm-2\"><div class=\"vc_column-inner\"><div class=\"wpb_wrapper\"><\/div><\/div><\/div><div class=\"wpb_column vc_column_container vc_col-sm-8\"><div class=\"vc_column-inner\"><div class=\"wpb_wrapper\"><div class=\"vc_empty_space\"  style=\"height: 32px\" ><span class=\"vc_empty_space_inner\"><\/span><\/div>\n\n\t<div class=\"wpb_text_column wpb_content_element\">\n\t\t<div class=\"wpb_wrapper\">\n\t\t\t<div class=\"page\" title=\"Page 2\">\n<div class=\"layoutArea\">\n<div class=\"column\">\n<p style=\"text-align: center;\"><strong>LE PROJET D&rsquo;ORIGINE<\/strong><\/p>\n<p style=\"text-align: justify;\">Pratiquement depuis la cr\u00e9ation de l&rsquo;association, un d\u00e9sir s&rsquo;\u00e9tait exprim\u00e9, celui de cr\u00e9er un \u00ab\u00a0Bitcoin Boulevard fran\u00e7ais\u00a0\u00bb. Les membres du Cercle ont alors commenc\u00e9 \u00e0 chercher un lieu qui puisse \u00eatre susceptible de faire l&rsquo;objet d&rsquo;une telle op\u00e9ration. Le regard se tourna rapidement vers le Passage du Grand Cerf situ\u00e9 non-loin des restaurant parisiens accueillant les Repas du Coin dans le Quartier Montorgueil. C&rsquo;est ainsi qu&rsquo;apr\u00e8s des mois de mise en place et de formation des commer\u00e7ants gr\u00e2ce aux membres du Cercle du Coin telle que la Maison du Bitcoin, un grand nombre de commer\u00e7ants du Passage vont accepter le Bitcoin. L&rsquo;inauguration publique <strong>aura lieu le 17 Novembre<\/strong> ! Voici quelques informations et photos sur ledit passage :<\/p>\n<p style=\"text-align: center;\"><strong>Le Passage<\/strong><\/p>\n<p style=\"text-align: justify;\">Situ\u00e9 au c\u0153ur du quartier branch\u00e9 de Montorgueil, Le Passage du Grand Cerf est une galerie de 25 boutiques et ateliers de cr\u00e9ateurs. C&rsquo;est aussi un monument historique class\u00e9 du patrimoine parisien pour son architecture datant du d\u00e9but du 19\u00e8me si\u00e8cle.<\/p>\n<p style=\"text-align: justify;\">Comme un concept-store, Le Passage du Grand Cerf m\u00eale dans un m\u00eame lieu mode, bijoux, accessoires, beaut\u00e9, d\u00e9co, design, mercerie, art, \u00e9picerie ne, restauration&#8230; Ici pas de production de masse mais une s\u00e9lection d\u2019objets uniques ou en s\u00e9rie limit\u00e9e, fabriqu\u00e9s ou chin\u00e9s, \u00e0 l\u2019oppos\u00e9 des habitudes standardis\u00e9es de consommation.<\/p>\n<p style=\"text-align: justify;\">Au fil du passage, tr\u00e9sors vintage, trouvailles design, pi\u00e8ces de cr\u00e9ateurs se c\u00f4toient dans un univers \u00e9clectique et styl\u00e9.<\/p>\n<p style=\"text-align: justify;\">Le Passage du Grand Cerf est l\u2019endroit id\u00e9al pour d\u00e9nicher l\u2019objet d\u00e9co tendance, l\u2019accessoire de mode indispensable ou le cadeau d\u2019anniversaire atypique et ra n\u00e9. Traditionnel, boh\u00e8me, hype, rock ou d\u00e9cal\u00e9, il y en a pour tous les go\u00fbts.<\/p>\n<p style=\"text-align: justify;\">Une adresse coup de c\u0153ur \u00e0 d\u00e9couvrir absolument !<\/p>\n<p style=\"text-align: center;\"><strong>Commer\u00e7ants Participants<\/strong><\/p>\n<p><em><a href=\"https:\/\/www.lafourchette.com\/restaurant\/le-pas-sage\/15886\" target=\"_blank\">Restaurant Le Pas Sage<\/a>, <a href=\"https:\/\/www.odajeanne.com\/\" target=\"_blank\">Oda Jeanne<\/a>, <a href=\"https:\/\/www.facebook.com\/lapetiteourseparis\/\" target=\"_blank\">La petite Ourse<\/a>, <a href=\"http:\/\/www.asart.fr\/nos_boutiques.php\" target=\"_blank\">As\u2019art<\/a>, <a href=\"http:\/\/www.lelabo.fr\/\" target=\"_blank\">Le labo &amp; Filf<\/a>, <a href=\"https:\/\/www.facebook.com\/Khara-Tuki-155041534549679\/\" target=\"_blank\">Khara tuki<\/a>, <a href=\"https:\/\/lillustreboutique.net\/\" target=\"_blank\">L\u2019Illustre boutique<\/a>, <a href=\"http:\/\/www.lilweasel.com\/\" target=\"_blank\">Lil Weasel<\/a>, <a href=\"http:\/\/www.marseilledailleurs.com\/\" target=\"_blank\">De marseille et d\u2019ailleurs<\/a>, <a href=\"https:\/\/www.guillemain-paris.com\/content\/6-l-univers-guillemain\" target=\"_blank\">Didier Guillemain<\/a>, <a href=\"http:\/\/www.boutiqueglasscove.com\/\" target=\"_blank\">Glasscove<\/a>, <a href=\"http:\/\/www.pourvosbeauxyeux.com\/\" target=\"_blank\">Pour vos beaux yeux<\/a>, <a href=\"http:\/\/ericetlydie.wixsite.com\/ericetlydie\" target=\"_blank\">Eric &amp; lydie<\/a>, <a href=\"http:\/\/www.les-horaires.info\/marie-benoit\/paris,35773\/\" target=\"_blank\">Marie &amp; Benoit<\/a>, <a href=\"http:\/\/pmcostyle.com\/\" target=\"_blank\">Pm co style<\/a>, <a href=\"http:\/\/rickshaw.fr\/\" target=\"_blank\">Rickshaw<\/a>, <a href=\"http:\/\/www.camilleetlesgarcons.com\/2013\/09\/mon-coup-de-coeur-les-bijoux-satellite-paris\/\" target=\"_blank\">Satellite<\/a>, <a href=\"http:\/\/cecileboccara.com\/\" target=\"_blank\">C\u00e9cile Bocarra<\/a>, <a href=\"http:\/\/www.menbymen.com\/\" target=\"_blank\">Men by Men<\/a>, <a href=\"https:\/\/www.yelp.fr\/biz\/laissez-vous-ten-the-sas-paris\" target=\"_blank\">Laissez-vous ten\u2019 th\u00e9<\/a>.<\/em><\/p>\n<\/div>\n<\/div>\n<\/div>\n\n\t\t<\/div>\n\t<\/div>\n<!-- vc_grid start -->\n<div class=\"vc_grid-container-wrapper vc_clearfix\">\n\t<div class=\"vc_grid-container vc_clearfix wpb_content_element vc_media_grid\" data-initial-loading-animation=\"fadeIn\" data-vc-grid-settings=\"{&quot;page_id&quot;:1175,&quot;style&quot;:&quot;all&quot;,&quot;action&quot;:&quot;vc_get_vc_grid_data&quot;,&quot;shortcode_id&quot;:&quot;{\\&quot;failed_to_get_id\\&quot;:\\&quot;vc_gid:1478594741660-76903161-bb19-5\\&quot;}&quot;,&quot;tag&quot;:&quot;vc_media_grid&quot;}\" data-vc-request=\"https:\/\/lecercleducoin.fr\/wp-admin\/admin-ajax.php\" data-vc-post-id=\"1175\" data-vc-public-nonce=\"6e9b306ebd\">\n\t<\/div>\n<\/div><!-- vc_grid end -->\n<\/div><\/div><\/div><div class=\"wpb_column vc_column_container vc_col-sm-2\"><div class=\"vc_column-inner\"><div class=\"wpb_wrapper\"><\/div><\/div><\/div><\/div>","protected":false},"excerpt":{"rendered":"<p><a class=\"sd-more sd-all-trans\" href=\"https:\/\/lecercleducoin.fr\/en\/passage-du-bitcoin-french-bitcoin-boulevard\/#more-1175\">Read More<\/a><\/p>","protected":false},"author":1,"featured_media":0,"parent":0,"menu_order":0,"comment_status":"closed","ping_status":"closed","template":"full-width-page.php","meta":{"footnotes":""},"class_list":["post-1175","page","type-page","status-publish","hentry"],"_links":{"self":[{"href":"https:\/\/lecercleducoin.fr\/en\/wp-json\/wp\/v2\/pages\/1175","targetHints":{"allow":["GET"]}}],"collection":[{"href":"https:\/\/lecercleducoin.fr\/en\/wp-json\/wp\/v2\/pages"}],"about":[{"href":"https:\/\/lecercleducoin.fr\/en\/wp-json\/wp\/v2\/types\/page"}],"author":[{"embeddable":true,"href":"https:\/\/lecercleducoin.fr\/en\/wp-json\/wp\/v2\/users\/1"}],"replies":[{"embeddable":true,"href":"https:\/\/lecercleducoin.fr\/en\/wp-json\/wp\/v2\/comments?post=1175"}],"version-history":[{"count":10,"href":"https:\/\/lecercleducoin.fr\/en\/wp-json\/wp\/v2\/pages\/1175\/revisions"}],"predecessor-version":[{"id":1200,"href":"https:\/\/lecercleducoin.fr\/en\/wp-json\/wp\/v2\/pages\/1175\/revisions\/1200"}],"wp:attachment":[{"href":"https:\/\/lecercleducoin.fr\/en\/wp-json\/wp\/v2\/media?parent=1175"}],"curies":[{"name":"wp","href":"https:\/\/api.w.org\/{rel}","templated":true}]}}