{"id":1565,"date":"2017-05-01T23:54:14","date_gmt":"2017-05-01T22:54:14","guid":{"rendered":"http:\/\/lecercleducoin.fr\/?page_id=1565"},"modified":"2018-01-03T13:58:56","modified_gmt":"2018-01-03T12:58:56","slug":"souvenir","status":"publish","type":"page","link":"https:\/\/lecercleducoin.fr\/en\/bitcoin-pluribus-impar\/souvenir\/","title":{"rendered":"Souvenir"},"content":{"rendered":"<div class=\"wpb_row clearfix vc_row-fluid\" ><div class=\"wpb_column vc_column_container vc_col-sm-12\"><div class=\"vc_column-inner\"><div class=\"wpb_wrapper\"><div class=\"vc_empty_space\"  style=\"height: 32px\" ><span class=\"vc_empty_space_inner\"><\/span><\/div>\n\n\t<div class=\"wpb_single_image wpb_content_element vc_align_center  wpb_animate_when_almost_visible wpb_appear\">\n\t\t\n\t\t<figure class=\"wpb_wrapper vc_figure\">\n\t\t\t<div class=\"vc_single_image-wrapper   vc_box_border_grey\"><img loading=\"lazy\" decoding=\"async\" class=\"vc_single_image-img\" src=\"https:\/\/lecercleducoin.fr\/wp-content\/uploads\/2017\/01\/logoenscarre.png\" width=\"376\" height=\"400\" alt=\"logoenscarre\" title=\"logoenscarre\" \/><\/div>\n\t\t<\/figure>\n\t<\/div>\n<div id=\"ultimate-heading-837269ea84bb534da\" class=\"uvc-heading ultimate-heading-837269ea84bb534da uvc-8865\" data-hspacer=\"no_spacer\"  data-halign=\"center\" style=\"text-align:center\"><div class=\"uvc-heading-spacer no_spacer\" style=\"top\"><\/div><div class=\"uvc-main-heading ult-responsive\"  data-ultimate-target='.uvc-heading.ultimate-heading-837269ea84bb534da h1'  data-responsive-json-new='{\"font-size\":\"\",\"line-height\":\"\"}' ><h1 style=\"font-weight:normal;color:#ffffff;\">BITCOIN PLURIBUS IMPAR<\/h1><\/div><div class=\"uvc-sub-heading ult-responsive\"  data-ultimate-target='.uvc-heading.ultimate-heading-837269ea84bb534da .uvc-sub-heading '  data-responsive-json-new='{\"font-size\":\"\",\"line-height\":\"\"}'  style=\"font-weight:normal;\"><span style=\"color: #ffffff;\">Bitcoin Souvenir<\/span><\/div><\/div><div class=\"vc_empty_space\"  style=\"height: 32px\" ><span class=\"vc_empty_space_inner\"><\/span><\/div>\n<\/div><\/div><\/div><\/div><div id=\"wpvc_row_particles\" style=\"position: absolute; left=0; top=0; width: 100%; height: 100%;background: rgba(38, 38, 38, 1.0)\" data-minspeedx=\"1\" data-maxspeedx=\"7\" data-minspeedy=\"1\" data-maxspeedy=\"7\" data-directionx=\"center\" data-directiony=\"center\" data-density=\"10000\" data-dotcolor=\"rgba(247, 247, 247, 1.0)\" data-linecolor=\"rgba(247, 247, 247, 1.0)\" data-particleradius=\"7\" data-linewidth=\"1\" data-proximity=\"100\" data-parallax=\"true\" data-parallaxmultiplier=\"5\" data-grabhover=\"true\" data-grabdistance=\"100\"><\/div><div class=\"wpb_row clearfix vc_row-fluid\" ><div class=\"wpb_column vc_column_container vc_col-sm-3\"><div class=\"vc_column-inner\"><div class=\"wpb_wrapper\"><\/div><\/div><\/div><div class=\"wpb_column vc_column_container vc_col-sm-6\"><div class=\"vc_column-inner\"><div class=\"wpb_wrapper\"><div id=\"ultimate-heading-139269ea84bb53bbe\" class=\"uvc-heading ultimate-heading-139269ea84bb53bbe uvc-7158\" data-hspacer=\"no_spacer\"  data-halign=\"center\" style=\"text-align:center\"><div class=\"uvc-heading-spacer no_spacer\" style=\"top\"><\/div><div class=\"uvc-main-heading ult-responsive\"  data-ultimate-target='.uvc-heading.ultimate-heading-139269ea84bb53bbe h2'  data-responsive-json-new='{\"font-size\":\"\",\"line-height\":\"\"}' ><h2 style=\"font-weight:normal;\">En quoi consiste l'op\u00e9ration Bitcoin-Souvenir ?<\/h2><\/div><\/div>\n\t<div class=\"wpb_text_column wpb_content_element\">\n\t\t<div class=\"wpb_wrapper\">\n\t\t\t<p style=\"text-align: left;\">\u00c0 l&rsquo;occasion de l&rsquo;\u00e9v\u00e9nement <a href=\"http:\/\/lecercleducoin.fr\/en\/bitcoin-pluribus-impar\/\">Bicoin Pluribus Impar<\/a> organis\u00e9 par Le Cercle du Coin \u00e0 l&rsquo;\u00c9cole normale sup\u00e9rieure le 30 mai 2017, 300 \u00ab\u00a0Bitcoin Souvenirs\u00a0\u00bb ont \u00e9t\u00e9 cr\u00e9\u00e9s, et distribu\u00e9s aux personnes qui participaient \u00e0 l&rsquo;\u00e9v\u00e9nement.<\/p>\n<p style=\"text-align: left;\">Ces Bitcoin Souvenirs ont \u00e9t\u00e9 remis sous la forme de petits <em>paper-wallet\u00a0<\/em>ressemblant \u00e0 ceci :<\/p>\n\n\t\t<\/div>\n\t<\/div>\n\n\t<div class=\"wpb_single_image wpb_content_element vc_align_center\">\n\t\t\n\t\t<figure class=\"wpb_wrapper vc_figure\">\n\t\t\t<div class=\"vc_single_image-wrapper   vc_box_border_grey\"><img loading=\"lazy\" decoding=\"async\" width=\"1024\" height=\"553\" src=\"https:\/\/lecercleducoin.fr\/wp-content\/uploads\/2017\/05\/btc-wallet-1024x553.jpg\" class=\"vc_single_image-img attachment-large\" alt=\"\" srcset=\"https:\/\/lecercleducoin.fr\/wp-content\/uploads\/2017\/05\/btc-wallet-1024x553.jpg 1024w, https:\/\/lecercleducoin.fr\/wp-content\/uploads\/2017\/05\/btc-wallet-e1495774774104-600x324.jpg 600w, https:\/\/lecercleducoin.fr\/wp-content\/uploads\/2017\/05\/btc-wallet-300x162.jpg 300w, https:\/\/lecercleducoin.fr\/wp-content\/uploads\/2017\/05\/btc-wallet-768x415.jpg 768w, https:\/\/lecercleducoin.fr\/wp-content\/uploads\/2017\/05\/btc-wallet-200x108.jpg 200w, https:\/\/lecercleducoin.fr\/wp-content\/uploads\/2017\/05\/btc-wallet-e1495774774104.jpg 800w\" sizes=\"auto, (max-width: 1024px) 100vw, 1024px\" \/><\/div>\n\t\t<\/figure>\n\t<\/div>\n\n\t<div class=\"wpb_text_column wpb_content_element\">\n\t\t<div class=\"wpb_wrapper\">\n\t\t\t<p>Chacun des 300 <em><strong>Bitcoin-Souvenirs<\/strong><\/em>\u00a0cr\u00e9\u00e9s a re\u00e7u, le 30 mai, un demi-milli\u00e8me de bitcoin, repr\u00e9sentant ce jour-l\u00e0 la contrevaleur de 1 euro environ.<\/p>\n<p>Les fonds sont bloqu\u00e9s jusqu&rsquo;au 1er janvier 2018.<\/p>\n<p><strong>En quoi ceci constitue-t-il un \u00ab\u00a0souvenir\u00a0\u00bb de l&rsquo;\u00e9v\u00e9nement?\u00a0<\/strong><\/p>\n<p>Nous avons int\u00e9gr\u00e9 dans la transaction une trace cryptographique de deux souvenirs\u00a0de la journ\u00e9e<\/p>\n<ol>\n<li>L&rsquo;enregistrement du morceau jou\u00e9 par M. Sam Roux<\/li>\n<li>La photographie de la salle<\/li>\n<\/ol>\n<p>Nous les avons comprim\u00e9s dans un zip pour n&rsquo;avoir qu&rsquo;un seul hash. Vous pouvez t\u00e9l\u00e9charger ce zip <a href=\"http:\/\/lecercleducoin.fr\/wp-content\/uploads\/2017\/05\/Hash_Souvenir.zip\" target=\"_blank\" rel=\"noopener noreferrer\">ici (hash_souvenir.zip)<\/a> .<\/p>\n<p><strong>Un morceau de musique<\/strong><\/p>\n<audio class=\"wp-audio-shortcode\" id=\"audio-1565-1\" preload=\"none\" style=\"width: 100%;\" controls=\"controls\"><source type=\"audio\/mpeg\" src=\"http:\/\/lecercleducoin.fr\/wp-content\/uploads\/2017\/05\/ChansonPetitsCochonSamBitcoinPluribusImpar.mp3?_=1\" \/><a href=\"http:\/\/lecercleducoin.fr\/wp-content\/uploads\/2017\/05\/ChansonPetitsCochonSamBitcoinPluribusImpar.mp3\">http:\/\/lecercleducoin.fr\/wp-content\/uploads\/2017\/05\/ChansonPetitsCochonSamBitcoinPluribusImpar.mp3<\/a><\/audio>\n<p><a href=\"http:\/\/lecercleducoin.fr\/wp-content\/uploads\/2017\/05\/ChansonPetitsCochonSamBitcoinPluribusImpar.mp3\">T\u00e9l\u00e9charger le morceau<\/a><\/p>\n<p><strong>Une photographie de la salle<\/strong><\/p>\n\n\t\t<\/div>\n\t<\/div>\n\n\t<div class=\"wpb_single_image wpb_content_element vc_align_center\">\n\t\t\n\t\t<figure class=\"wpb_wrapper vc_figure\">\n\t\t\t<div class=\"vc_single_image-wrapper   vc_box_border_grey\"><img loading=\"lazy\" decoding=\"async\" width=\"1280\" height=\"960\" src=\"https:\/\/lecercleducoin.fr\/wp-content\/uploads\/2017\/05\/PhotoSouvenirBitcoinPluribusImpar.jpg\" class=\"vc_single_image-img attachment-full\" alt=\"\" srcset=\"https:\/\/lecercleducoin.fr\/wp-content\/uploads\/2017\/05\/PhotoSouvenirBitcoinPluribusImpar.jpg 1280w, https:\/\/lecercleducoin.fr\/wp-content\/uploads\/2017\/05\/PhotoSouvenirBitcoinPluribusImpar-600x450.jpg 600w, https:\/\/lecercleducoin.fr\/wp-content\/uploads\/2017\/05\/PhotoSouvenirBitcoinPluribusImpar-300x225.jpg 300w, https:\/\/lecercleducoin.fr\/wp-content\/uploads\/2017\/05\/PhotoSouvenirBitcoinPluribusImpar-768x576.jpg 768w, https:\/\/lecercleducoin.fr\/wp-content\/uploads\/2017\/05\/PhotoSouvenirBitcoinPluribusImpar-1024x768.jpg 1024w, https:\/\/lecercleducoin.fr\/wp-content\/uploads\/2017\/05\/PhotoSouvenirBitcoinPluribusImpar-200x150.jpg 200w\" sizes=\"auto, (max-width: 1280px) 100vw, 1280px\" \/><\/div>\n\t\t<\/figure>\n\t<\/div>\n\n\t<div class=\"wpb_text_column wpb_content_element\">\n\t\t<div class=\"wpb_wrapper\">\n\t\t\t<p><a href=\"http:\/\/lecercleducoin.fr\/wp-content\/uploads\/2017\/05\/PhotoSouvenirBitcoinPluribusImpar.jpg\" rel=\"PrettyPhoto&#091;1565&#093;\">T\u00e9l\u00e9charger\u00a0la photo<\/a><\/p>\n\n\t\t<\/div>\n\t<\/div>\n<div id=\"ultimate-heading-648369ea84bb5460d\" class=\"uvc-heading ultimate-heading-648369ea84bb5460d uvc-5163\" data-hspacer=\"no_spacer\"  data-halign=\"center\" style=\"text-align:center\"><div class=\"uvc-heading-spacer no_spacer\" style=\"top\"><\/div><div class=\"uvc-main-heading ult-responsive\"  data-ultimate-target='.uvc-heading.ultimate-heading-648369ea84bb5460d h2'  data-responsive-json-new='{\"font-size\":\"\",\"line-height\":\"\"}' ><h2 style=\"font-weight:normal;\">Mode d'emploi<\/h2><\/div><\/div>\n\t<div class=\"wpb_text_column wpb_content_element\">\n\t\t<div class=\"wpb_wrapper\">\n\t\t\t<p>Avec un lecteur de QR Code, chaque propri\u00e9taire d&rsquo;un <em><strong>Bitcoin Souvenir\u00a0<\/strong><\/em>peut d&rsquo;abord s&rsquo;assurer de la pr\u00e9sence des fonds en lisant l&rsquo;adresse publique de son propre <em>paper wallet<\/em> (caviard\u00e9e sur l&rsquo;image ci-dessus).<\/p>\n<p>En se rendant ensuite sur un site de type <a href=\"https:\/\/blockchain.info\">Blockchain.Info<\/a>\u00a0ou <a href=\"https:\/\/www.blocktrail.com\/BTC\" target=\"_blank\" rel=\"noopener noreferrer\">Blocktrail<\/a>\u00a0il pourra aussi retrouver, avec\u00a0les donn\u00e9es de la transaction, une \u00ab\u00a0m\u00e9ta-donn\u00e9e\u00a0\u00bb correspondant \u00e0 la trace cryptographique (le\u00a0<em>hash<\/em>) de la photographie et du morceau de musique.<\/p>\n<p>Comme nous avons ici deux fichiers, nous les avons compress\u00e9s dans un fichier unique en .zip. Ce fichier unique contenant les deux fichiers est disponible ici :\u00a0<a href=\"http:\/\/lecercleducoin.fr\/wp-content\/uploads\/2017\/05\/Hash_Souvenir.zip\" target=\"_blank\" rel=\"noopener noreferrer\">Hash_Souvenir.zip<\/a>\u00a0. Ouvrez le, vous verrez qu&rsquo;il contient bien la fichier image et le fichier son.<\/p>\n<p>Ce fichier zip donnera toujours le m\u00eame hash. Cependant si vous \u00ab\u00a0zippez\u00a0\u00bb les m\u00eames 2 fichiers de votre c\u00f4t\u00e9, il est possible que le hash soit diff\u00e9rent. N&rsquo;oubliez pas qu&rsquo;un seul bit de diff\u00e9rence change l&rsquo;int\u00e9gralit\u00e9 d&rsquo;un hash !<\/p>\n<p><strong>La\u00a0trace que nous avons obtenue est la suivante : \u00a0 E49CB544B6B2C9401D848B4F0299BC0B1DA23A80EFF9FD19DBA428638669C464<\/strong>\u00a0!<\/p>\n<p>Voici l&rsquo;identification de la transaction (la voir sur\u00a0<a href=\"https:\/\/www.blocktrail.com\/BTC\/tx\/b7a79af4e7ff6d38968cd5999add62ac514d1a4775e1f0877233787a8cd8d4b9\" target=\"_blank\" rel=\"noopener noreferrer\">blocktrail<\/a>) :<br \/>\nb7a79af4e7ff6d38968cd5999add62ac514d1a4775e1f0877233787a8cd8d4b9<\/p>\n<p>Vous pouvez voir en bas de celle-ci que le hash de\u00a0<a href=\"http:\/\/lecercleducoin.fr\/wp-content\/uploads\/2017\/05\/Hash_Souvenir.zip\" target=\"_blank\" rel=\"noopener noreferrer\">Hash_Souvenir.zip<\/a>\u00a0est bien pr\u00e9sent dans la transaction en allant tout en bas. Voici une image de ce que vous pouvez apercevoir sur <a href=\"https:\/\/www.blocktrail.com\/BTC\/tx\/b7a79af4e7ff6d38968cd5999add62ac514d1a4775e1f0877233787a8cd8d4b9\" target=\"_blank\" rel=\"noopener noreferrer\">blocktrail<\/a>.<\/p>\n\n\t\t<\/div>\n\t<\/div>\n\n\t<div class=\"wpb_single_image wpb_content_element vc_align_center\">\n\t\t\n\t\t<figure class=\"wpb_wrapper vc_figure\">\n\t\t\t<div class=\"vc_single_image-wrapper   vc_box_border_grey\"><img loading=\"lazy\" decoding=\"async\" width=\"1032\" height=\"102\" src=\"https:\/\/lecercleducoin.fr\/wp-content\/uploads\/2017\/05\/hash_blocktrail.png\" class=\"vc_single_image-img attachment-full\" alt=\"\" srcset=\"https:\/\/lecercleducoin.fr\/wp-content\/uploads\/2017\/05\/hash_blocktrail.png 1032w, https:\/\/lecercleducoin.fr\/wp-content\/uploads\/2017\/05\/hash_blocktrail-600x59.png 600w, https:\/\/lecercleducoin.fr\/wp-content\/uploads\/2017\/05\/hash_blocktrail-300x30.png 300w, https:\/\/lecercleducoin.fr\/wp-content\/uploads\/2017\/05\/hash_blocktrail-768x76.png 768w, https:\/\/lecercleducoin.fr\/wp-content\/uploads\/2017\/05\/hash_blocktrail-1024x101.png 1024w, https:\/\/lecercleducoin.fr\/wp-content\/uploads\/2017\/05\/hash_blocktrail-200x20.png 200w\" sizes=\"auto, (max-width: 1032px) 100vw, 1032px\" \/><\/div>\n\t\t<\/figure>\n\t<\/div>\n<div id=\"ultimate-heading-919169ea84bb549be\" class=\"uvc-heading ultimate-heading-919169ea84bb549be uvc-7359\" data-hspacer=\"no_spacer\"  data-halign=\"center\" style=\"text-align:center\"><div class=\"uvc-heading-spacer no_spacer\" style=\"top\"><\/div><div class=\"uvc-main-heading ult-responsive\"  data-ultimate-target='.uvc-heading.ultimate-heading-919169ea84bb549be h2'  data-responsive-json-new='{\"font-size\":\"\",\"line-height\":\"\"}' ><h2 style=\"font-weight:normal;\">Comment v\u00e9rifier soi-m\u00eame ?<\/h2><\/div><\/div>\n\t<div class=\"wpb_text_column wpb_content_element\">\n\t\t<div class=\"wpb_wrapper\">\n\t\t\t<p>Les plus exigeants sont en droit de vouloir v\u00e9rifier par eux-m\u00eames.<\/p>\n<p>Pour cela ils devront suivre se servir de l&rsquo;instrument ci-dessous qui est\u00a0issu du site :\u00a0<a href=\"http:\/\/onlinemd5.com\/\" target=\"_blank\" rel=\"noopener noreferrer\">http:\/\/onlinemd5.com<\/a>\u00a0en proc\u00e9dant dans l&rsquo;ordre :<\/p>\n<ol>\n<li>enregistrer sur leur propre syst\u00e8me\u00a0le fichier <a href=\"http:\/\/lecercleducoin.fr\/wp-content\/uploads\/2017\/05\/Hash_Souvenir.zip\" target=\"_blank\" rel=\"noopener noreferrer\">Hash_Souvenir.zip<\/a>. Il contient les deux fichiers.<\/li>\n<li>r\u00e9gler le cadre ci-dessous sur l&rsquo;option \u00ab\u00a0SHA 256\u00a0\u00bb<\/li>\n<li>observer le r\u00e9sultat du hashage et le comparer au hash dans les m\u00e9tadonn\u00e9es de la transaction.<\/li>\n<\/ol>\n\n\t\t<\/div>\n\t<\/div>\n\n\t<div class=\"wpb_raw_code wpb_content_element wpb_raw_html\">\n\t\t<div class=\"wpb_wrapper\">\n\t\t\t<style>\n#outdiv { \nheight: 450px; \noverflow: hidden; \nposition: relative; \nwidth: 970px; \n} \n\n#iniframe { \nheight: 640px; \nposition: absolute; \ntop: -210px; \nwidth: 970px; \n} \n<\/style>\n<div id=\"outdiv\"><iframe loading=\"lazy\" src=\"http:\/\/onlinemd5.com\/\" scrolling=\"no\" width=\"970px\" height=\"430px\" id=\"iniframe\"><\/iframe><\/div> \n\t\t<\/div>\n\t<\/div>\n<div id=\"ultimate-heading-293769ea84bb54c90\" class=\"uvc-heading ultimate-heading-293769ea84bb54c90 uvc-3886\" data-hspacer=\"no_spacer\"  data-halign=\"center\" style=\"text-align:center\"><div class=\"uvc-heading-spacer no_spacer\" style=\"top\"><\/div><div class=\"uvc-main-heading ult-responsive\"  data-ultimate-target='.uvc-heading.ultimate-heading-293769ea84bb54c90 h2'  data-responsive-json-new='{\"font-size\":\"\",\"line-height\":\"\"}' ><h2 style=\"font-weight:normal;\">Comment retirer les fonds ?<\/h2><\/div><\/div>\n\t<div class=\"wpb_text_column wpb_content_element\">\n\t\t<div class=\"wpb_wrapper\">\n\t\t\t<p style=\"text-align: left;\">Les Bitcoin-Souvenir sont bloqu\u00e9s jusqu&rsquo;au 1er janvier 2018. Si Bitcoin s&rsquo;effondre, il ne restera qu&rsquo;un souvenir. S&rsquo;il augmente sa valeur, ce sera un b\u00e9n\u00e9fice suppl\u00e9mentaire, pour ceux qui auront assist\u00e9 \u00e0 l&rsquo;\u00e9v\u00e9nement du 30 mai.<\/p>\n<p style=\"text-align: left;\">M\u00eame si Bitcoin vaut un jour un million d&rsquo;euros, ce petit morceau de papier ne vaudra alors qu&rsquo;un billet de 500 euros (ceux que la BCE ne veut plus imprimer!). L&rsquo;int\u00e9r\u00eat de l&rsquo;op\u00e9ration \u00e9tait d&rsquo;abord de r\u00e9aliser un petit exploit (merci \u00e0 l&rsquo;\u00e9quipe de Czam, Adrian Sauzade et Antoine Ferron). Ensuite de montrer que Bitcoin est une <em>smart money<\/em>, une monnaie que l&rsquo;on peut enrichir de m\u00e9tadonn\u00e9es, une monnaie que l&rsquo;on peut programmer.<\/p>\n<p style=\"text-align: left;\">Pour retirer vos fonds vous pouvez utiliser <a href=\"https:\/\/lecercleducoin.fr\/en\/Bitcoin-Souvenir\/\" target=\"_blank\" rel=\"noopener noreferrer\">cette page de notre site<\/a> r\u00e9alis\u00e9 par notre membre Antoine Ferron de Czam. ATTENTION : Avec l&rsquo;\u00e9tat actuel du r\u00e9seau, les frais de transactions par rapport \u00e0 la valeur dans le Bitcoin Souvenir sont tr\u00e8s \u00e9lev\u00e9s. Mais rien ne presse, \u00e0 vous donc de d\u00e9cider !<\/p>\n\n\t\t<\/div>\n\t<\/div>\n<\/div><\/div><\/div><div class=\"wpb_column vc_column_container vc_col-sm-3\"><div class=\"vc_column-inner\"><div class=\"wpb_wrapper\"><\/div><\/div><\/div><\/div><div class=\"wpb_row clearfix vc_row-fluid\" ><div class=\"wpb_column vc_column_container vc_col-sm-12\"><div class=\"vc_column-inner\"><div class=\"wpb_wrapper\"><\/div><\/div><\/div><\/div>","protected":false},"excerpt":{"rendered":"<p><a class=\"sd-more sd-all-trans\" href=\"https:\/\/lecercleducoin.fr\/en\/bitcoin-pluribus-impar\/souvenir\/#more-1565\">Read More<\/a><\/p>","protected":false},"author":1,"featured_media":0,"parent":1266,"menu_order":0,"comment_status":"closed","ping_status":"closed","template":"full-width-page.php","meta":{"footnotes":""},"class_list":["post-1565","page","type-page","status-publish","hentry"],"_links":{"self":[{"href":"https:\/\/lecercleducoin.fr\/en\/wp-json\/wp\/v2\/pages\/1565","targetHints":{"allow":["GET"]}}],"collection":[{"href":"https:\/\/lecercleducoin.fr\/en\/wp-json\/wp\/v2\/pages"}],"about":[{"href":"https:\/\/lecercleducoin.fr\/en\/wp-json\/wp\/v2\/types\/page"}],"author":[{"embeddable":true,"href":"https:\/\/lecercleducoin.fr\/en\/wp-json\/wp\/v2\/users\/1"}],"replies":[{"embeddable":true,"href":"https:\/\/lecercleducoin.fr\/en\/wp-json\/wp\/v2\/comments?post=1565"}],"version-history":[{"count":26,"href":"https:\/\/lecercleducoin.fr\/en\/wp-json\/wp\/v2\/pages\/1565\/revisions"}],"predecessor-version":[{"id":1952,"href":"https:\/\/lecercleducoin.fr\/en\/wp-json\/wp\/v2\/pages\/1565\/revisions\/1952"}],"up":[{"embeddable":true,"href":"https:\/\/lecercleducoin.fr\/en\/wp-json\/wp\/v2\/pages\/1266"}],"wp:attachment":[{"href":"https:\/\/lecercleducoin.fr\/en\/wp-json\/wp\/v2\/media?parent=1565"}],"curies":[{"name":"wp","href":"https:\/\/api.w.org\/{rel}","templated":true}]}}