{"id":1790,"date":"2017-08-11T09:52:16","date_gmt":"2017-08-11T08:52:16","guid":{"rendered":"http:\/\/lecercleducoin.fr\/?page_id=1790"},"modified":"2018-03-06T22:18:51","modified_gmt":"2018-03-06T21:18:51","slug":"partenariat-4l-trophy","status":"publish","type":"page","link":"https:\/\/lecercleducoin.fr\/en\/partenariat-4l-trophy\/","title":{"rendered":"Partenariat 4L Trophy"},"content":{"rendered":"<div class=\"wpb_row clearfix vc_row-fluid\" ><div class=\"wpb_column vc_column_container vc_col-sm-12\"><div class=\"vc_column-inner\"><div class=\"wpb_wrapper\"><div class=\"vc_empty_space\"  style=\"height: 32px\" ><span class=\"vc_empty_space_inner\"><\/span><\/div>\n<div id=\"ultimate-heading-615369e1fbe5cebce\" class=\"uvc-heading ultimate-heading-615369e1fbe5cebce uvc-1655\" data-hspacer=\"no_spacer\"  data-halign=\"center\" style=\"text-align:center\"><div class=\"uvc-heading-spacer no_spacer\" style=\"top\"><\/div><div class=\"uvc-main-heading ult-responsive\"  data-ultimate-target='.uvc-heading.ultimate-heading-615369e1fbe5cebce h1'  data-responsive-json-new='{\"font-size\":\"\",\"line-height\":\"\"}' ><h1 style=\"font-weight:normal;color:#ffffff;\">COINS4LIFE<\/h1><\/div><\/div>\n\t<div class=\"wpb_single_image wpb_content_element vc_align_center\">\n\t\t\n\t\t<figure class=\"wpb_wrapper vc_figure\">\n\t\t\t<div class=\"vc_single_image-wrapper   vc_box_border_grey\"><img loading=\"lazy\" decoding=\"async\" width=\"256\" height=\"256\" src=\"https:\/\/lecercleducoin.fr\/wp-content\/uploads\/2017\/08\/favicon.png\" class=\"vc_single_image-img attachment-full\" alt=\"\" srcset=\"https:\/\/lecercleducoin.fr\/wp-content\/uploads\/2017\/08\/favicon.png 256w, https:\/\/lecercleducoin.fr\/wp-content\/uploads\/2017\/08\/favicon-100x100.png 100w, https:\/\/lecercleducoin.fr\/wp-content\/uploads\/2017\/08\/favicon-150x150.png 150w, https:\/\/lecercleducoin.fr\/wp-content\/uploads\/2017\/08\/favicon-200x200.png 200w, https:\/\/lecercleducoin.fr\/wp-content\/uploads\/2017\/08\/favicon-189x189.png 189w, https:\/\/lecercleducoin.fr\/wp-content\/uploads\/2017\/08\/favicon-85x85.png 85w\" sizes=\"auto, (max-width: 256px) 100vw, 256px\" \/><\/div>\n\t\t<\/figure>\n\t<\/div>\n<div class=\"vc_empty_space\"  style=\"height: 32px\" ><span class=\"vc_empty_space_inner\"><\/span><\/div>\n<\/div><\/div><\/div><\/div><div id=\"wpvc_row_particles\" style=\"position: absolute; left=0; top=0; width: 100%; height: 100%;background: rgba(239, 184, 33, 1.0)\" data-minspeedx=\"1\" data-maxspeedx=\"7\" data-minspeedy=\"1\" data-maxspeedy=\"7\" data-directionx=\"center\" data-directiony=\"center\" data-density=\"10000\" data-dotcolor=\"rgba(247, 247, 247, 1.0)\" data-linecolor=\"rgba(247, 247, 247, 1.0)\" data-particleradius=\"7\" data-linewidth=\"1\" data-proximity=\"100\" data-parallax=\"true\" data-parallaxmultiplier=\"5\" data-grabhover=\"true\" data-grabdistance=\"100\"><\/div><div class=\"wpb_row clearfix vc_row-fluid\" ><div class=\"wpb_column vc_column_container vc_col-sm-3\"><div class=\"vc_column-inner\"><div class=\"wpb_wrapper\"><\/div><\/div><\/div><div class=\"wpb_column vc_column_container vc_col-sm-6\"><div class=\"vc_column-inner\"><div class=\"wpb_wrapper\"><div class=\"vc_empty_space\"  style=\"height: 32px\" ><span class=\"vc_empty_space_inner\"><\/span><\/div>\n\n\t<div class=\"wpb_text_column wpb_content_element\">\n\t\t<div class=\"wpb_wrapper\">\n\t\t\t<p>Le Cercle du Coin \u00e9tait partenaire d&rsquo;une \u00e9quipe du 4L Trophy qui avait d\u00e9cid\u00e9 d&rsquo;ouvrir sa lev\u00e9e de fonds aux crypto-monnaie et mis en place un site explicatif : <a href=\"http:\/\/coins4Live.fr\" target=\"_blank\" rel=\"noopener\">Coins4Live<\/a>.<\/p>\n<p>Cela fait pleinement partie des objectifs du Cercle que d&rsquo;aider des personnes s&rsquo;investissant dans des projets b\u00e9n\u00e9voles avec un aspect crypto.<\/p>\n<p>Cette course, en f\u00e9vrier et mars 2018 (imm\u00e9diatement apr\u00e8s notre op\u00e9ration avec le SAMU Social de Paris)\u00a0 a donc \u00e9t\u00e9 une nouvelle et excellente occasion de montrer que le Bitcoin n&rsquo;est pas une monnaie de malfrats mais qu&rsquo;elle peut aussi servir \u00e0 faire des dons.<\/p>\n<p>Voici quelle \u00e9tait la profession de foi de nos deux coureurs Alexis et Johan\u00a0:<\/p>\n<blockquote><p>\nSalut, nous c&rsquo;est\u00a0<strong>Johan<\/strong>\u00a0et\u00a0<strong>Alexis<\/strong>\u00a0et aujourd&rsquo;hui, vous pouvez nous aider \u00e0 r\u00e9aliser notre souhait d&rsquo;aller aider des enfants d\u00e9favoris\u00e9s dans le d\u00e9sert du Maroc. Comment ? En devenant un\u00a0<strong>supporteur donateur<\/strong>\u00a0de notre participation au\u00a0<strong>4L Trophy<\/strong>\u00a0!<\/p>\n<p>Le 4L Trophy est un raid \u00e9tudiant de Biarritz \u00e0 Marrakesh (6000 km) dont l&rsquo;objectif est d&rsquo;apporter le maximum de mat\u00e9riel scolaire, sportif et m\u00e9dical possible aux\u00a0<strong>enfants du d\u00e9sert<\/strong>\u00a0en partenariat avec l&rsquo;association non lucrative\u00a0<strong>Les Enfants du D\u00e9sert<\/strong>\u00a0Notre objectif est de s&rsquo;initier \u00e0 la m\u00e9canique automobile en r\u00e9parant notre petite 4L F6 de 1981 et en la pr\u00e9parant aux conditions\u00a0<strong>extr\u00eames<\/strong>\u00a0du d\u00e9sert mais aussi de challenger notre motivation et \u00e9videmment d&rsquo;apporter tout ce que nous pourrons \u00e0 ces enfants.<\/p>\n<p>C&rsquo;est avant tout un projet d&rsquo;amis d&rsquo;enfance sur-motiv\u00e9s \u00e0 l&rsquo;id\u00e9e d&rsquo;effectuer cette aventure ensemble en m\u00e9langeant\u00a0<strong>solidarit\u00e9 internationale<\/strong>,\u00a0<strong>fun<\/strong>\u00a0et\u00a0<strong>innovation<\/strong>\u00a0!<\/p>\n<p>Nous avons donc d\u00e9cid\u00e9 de chercher des fonds uniquement par\u00a0<strong>crypto monnaies<\/strong>\u00a0pour innover mais surtout parce qu&rsquo;elles m\u00e9ritent une attention toute particuli\u00e8re. Nous souhaitons, \u00e0 travers ce projet, montrer le potentiel\u00a0<strong>solidaire<\/strong>\u00a0et\u00a0<strong>humanitaire<\/strong>\u00a0de ces monnaies. Nous savons que les communaut\u00e9s derri\u00e8re celles-ci sont tr\u00e8s\u00a0<strong>actives<\/strong>\u00a0et\u00a0<strong>g\u00e9n\u00e9reuses<\/strong>\u00a0!<\/p>\n<p>Nous ne pouvons accomplir ceci qu&rsquo;avec\u00a0<strong>votre aide<\/strong>. Ce serait un honneur pour nous de rassembler une communaut\u00e9 pr\u00eate \u00e0 nous suivre dans cette aventure !\n<\/p><\/blockquote>\n\n\t\t<\/div>\n\t<\/div>\n\n\t<div class=\"wpb_single_image wpb_content_element vc_align_center  wpb_animate_when_almost_visible wpb_bottom-to-top\">\n\t\t<h2 class=\"wpb_heading wpb_singleimage_heading\">Avant le d\u00e9part<\/h2>\n\t\t<figure class=\"wpb_wrapper vc_figure\">\n\t\t\t<a data-rel=\"prettyPhoto[rel-1790-811309819]\" href=\"https:\/\/lecercleducoin.fr\/wp-content\/uploads\/2017\/08\/app-1024x629.jpg\" target=\"_self\" class=\"vc_single_image-wrapper   vc_box_border_grey prettyphoto\"><img loading=\"lazy\" decoding=\"async\" width=\"2048\" height=\"1258\" src=\"https:\/\/lecercleducoin.fr\/wp-content\/uploads\/2017\/08\/app.jpg\" class=\"vc_single_image-img attachment-full\" alt=\"\" srcset=\"https:\/\/lecercleducoin.fr\/wp-content\/uploads\/2017\/08\/app.jpg 2048w, https:\/\/lecercleducoin.fr\/wp-content\/uploads\/2017\/08\/app-600x369.jpg 600w, https:\/\/lecercleducoin.fr\/wp-content\/uploads\/2017\/08\/app-300x184.jpg 300w, https:\/\/lecercleducoin.fr\/wp-content\/uploads\/2017\/08\/app-768x472.jpg 768w, https:\/\/lecercleducoin.fr\/wp-content\/uploads\/2017\/08\/app-1024x629.jpg 1024w, https:\/\/lecercleducoin.fr\/wp-content\/uploads\/2017\/08\/app-200x123.jpg 200w\" sizes=\"auto, (max-width: 2048px) 100vw, 2048px\" \/><\/a>\n\t\t<\/figure>\n\t<\/div>\n\n\t<div class=\"wpb_single_image wpb_content_element vc_align_center\">\n\t\t\n\t\t<figure class=\"wpb_wrapper vc_figure\">\n\t\t\t<div class=\"vc_single_image-wrapper   vc_box_border_grey\"><img loading=\"lazy\" decoding=\"async\" width=\"2048\" height=\"1536\" src=\"https:\/\/lecercleducoin.fr\/wp-content\/uploads\/2018\/03\/28279623_1839469979407005_6936528244971667456_o.jpg\" class=\"vc_single_image-img attachment-full\" alt=\"\" srcset=\"https:\/\/lecercleducoin.fr\/wp-content\/uploads\/2018\/03\/28279623_1839469979407005_6936528244971667456_o.jpg 2048w, https:\/\/lecercleducoin.fr\/wp-content\/uploads\/2018\/03\/28279623_1839469979407005_6936528244971667456_o-600x450.jpg 600w, https:\/\/lecercleducoin.fr\/wp-content\/uploads\/2018\/03\/28279623_1839469979407005_6936528244971667456_o-300x225.jpg 300w, https:\/\/lecercleducoin.fr\/wp-content\/uploads\/2018\/03\/28279623_1839469979407005_6936528244971667456_o-768x576.jpg 768w, https:\/\/lecercleducoin.fr\/wp-content\/uploads\/2018\/03\/28279623_1839469979407005_6936528244971667456_o-1024x768.jpg 1024w, https:\/\/lecercleducoin.fr\/wp-content\/uploads\/2018\/03\/28279623_1839469979407005_6936528244971667456_o-200x150.jpg 200w\" sizes=\"auto, (max-width: 2048px) 100vw, 2048px\" \/><\/div>\n\t\t<\/figure>\n\t<\/div>\n\n\t<div class=\"wpb_single_image wpb_content_element vc_align_center\">\n\t\t<h2 class=\"wpb_heading wpb_singleimage_heading\">Sur la route du retour<\/h2>\n\t\t<figure class=\"wpb_wrapper vc_figure\">\n\t\t\t<div class=\"vc_single_image-wrapper   vc_box_border_grey\"><img loading=\"lazy\" decoding=\"async\" width=\"960\" height=\"706\" src=\"https:\/\/lecercleducoin.fr\/wp-content\/uploads\/2018\/03\/28685063_1875969692413571_8605776934876458381_n.jpg\" class=\"vc_single_image-img attachment-full\" alt=\"\" srcset=\"https:\/\/lecercleducoin.fr\/wp-content\/uploads\/2018\/03\/28685063_1875969692413571_8605776934876458381_n.jpg 960w, https:\/\/lecercleducoin.fr\/wp-content\/uploads\/2018\/03\/28685063_1875969692413571_8605776934876458381_n-600x441.jpg 600w, https:\/\/lecercleducoin.fr\/wp-content\/uploads\/2018\/03\/28685063_1875969692413571_8605776934876458381_n-300x221.jpg 300w, https:\/\/lecercleducoin.fr\/wp-content\/uploads\/2018\/03\/28685063_1875969692413571_8605776934876458381_n-768x565.jpg 768w, https:\/\/lecercleducoin.fr\/wp-content\/uploads\/2018\/03\/28685063_1875969692413571_8605776934876458381_n-200x147.jpg 200w\" sizes=\"auto, (max-width: 960px) 100vw, 960px\" \/><\/div>\n\t\t<\/figure>\n\t<\/div>\n\n\t<div class=\"wpb_text_column wpb_content_element\">\n\t\t<div class=\"wpb_wrapper\">\n\t\t\t<p>Et voici un premier debrief, d\u00e8s le retour en France :<\/p>\n<blockquote><p>\n\u00a0\u00bb Nous avons pris beaucoup de photos que nous vous enverrons d\u00e8s que nous aurons rattrap\u00e9 notre retard sur les cours ! Nous pr\u00e9voyons un retour d&rsquo;exp\u00e9rience aux alentours de mai pour vous expliquer plus en d\u00e9tail et en discuter.<\/p>\n<p>Le logo du Cercle est celui que nous avons le plus expliqu\u00e9, nous avons expliqu\u00e9 le leitmotiv et les actions du Cercle et les tenants et aboutissants de Bitcoin qui sont tr\u00e8s atypiques par rapport aux autres moyens de financement et qui \u00e9veillent la curiosit\u00e9 d&rsquo;un grand nombre. Nous sommes convi\u00e9s \u00e0 parler de notre exp\u00e9rience au micro de radio Campus Nord.\n<\/p><\/blockquote>\n\n\t\t<\/div>\n\t<\/div>\n<\/div><\/div><\/div><div class=\"wpb_column vc_column_container vc_col-sm-3\"><div class=\"vc_column-inner\"><div class=\"wpb_wrapper\"><\/div><\/div><\/div><\/div>","protected":false},"excerpt":{"rendered":"<p><a class=\"sd-more sd-all-trans\" href=\"https:\/\/lecercleducoin.fr\/en\/partenariat-4l-trophy\/#more-1790\">Read More<\/a><\/p>","protected":false},"author":1,"featured_media":1794,"parent":0,"menu_order":0,"comment_status":"closed","ping_status":"closed","template":"full-width-page.php","meta":{"footnotes":""},"class_list":["post-1790","page","type-page","status-publish","has-post-thumbnail","hentry"],"_links":{"self":[{"href":"https:\/\/lecercleducoin.fr\/en\/wp-json\/wp\/v2\/pages\/1790","targetHints":{"allow":["GET"]}}],"collection":[{"href":"https:\/\/lecercleducoin.fr\/en\/wp-json\/wp\/v2\/pages"}],"about":[{"href":"https:\/\/lecercleducoin.fr\/en\/wp-json\/wp\/v2\/types\/page"}],"author":[{"embeddable":true,"href":"https:\/\/lecercleducoin.fr\/en\/wp-json\/wp\/v2\/users\/1"}],"replies":[{"embeddable":true,"href":"https:\/\/lecercleducoin.fr\/en\/wp-json\/wp\/v2\/comments?post=1790"}],"version-history":[{"count":6,"href":"https:\/\/lecercleducoin.fr\/en\/wp-json\/wp\/v2\/pages\/1790\/revisions"}],"predecessor-version":[{"id":2095,"href":"https:\/\/lecercleducoin.fr\/en\/wp-json\/wp\/v2\/pages\/1790\/revisions\/2095"}],"wp:featuredmedia":[{"embeddable":true,"href":"https:\/\/lecercleducoin.fr\/en\/wp-json\/wp\/v2\/media\/1794"}],"wp:attachment":[{"href":"https:\/\/lecercleducoin.fr\/en\/wp-json\/wp\/v2\/media?parent=1790"}],"curies":[{"name":"wp","href":"https:\/\/api.w.org\/{rel}","templated":true}]}}