{"id":1867,"date":"2017-11-06T19:07:29","date_gmt":"2017-11-06T18:07:29","guid":{"rendered":"http:\/\/lecercleducoin.fr\/?page_id=1867"},"modified":"2019-01-13T18:02:52","modified_gmt":"2019-01-13T17:02:52","slug":"nos-meet-up","status":"publish","type":"page","link":"https:\/\/lecercleducoin.fr\/en\/nos-meet-up\/","title":{"rendered":"Nos Meet-up"},"content":{"rendered":"<div class=\"wpb_row clearfix vc_row-fluid\" ><div class=\"wpb_column vc_column_container vc_col-sm-12\"><div class=\"vc_column-inner\"><div class=\"wpb_wrapper\">\n\t<div class=\"wpb_text_column wpb_content_element\">\n\t\t<div class=\"wpb_wrapper\">\n\t\t\t<h3>Les meet-up\u00a0du Cercle du Coin sont :<\/h3>\n<ul>\n<li>des \u00e9v\u00e9nements b\u00e9n\u00e9ficiant d&rsquo;un m\u00e9c\u00e9nat, permettant une organisation chaleureuse;<\/li>\n<li>ouverts \u00e0 tous (dans la limite des places disponibles);<\/li>\n<li>offrant des pr\u00e9sentations originales, essentiellement (mais pas uniquement) par des membres du Cercle;<\/li>\n<li>des meet-up voyageant\u00a0dans diff\u00e9rentes villes, \u00e9ventuellement \u00a0avec les organisateurs du meet-up local.<\/li>\n<\/ul>\n<p>&nbsp;<\/p>\n<p><strong>Vous trouverez sur cette page des liens vers (presque!) toutes les interventions qui ont eu lieu durant nos \u00e9v\u00e9nements.<\/strong><\/p>\n<p style=\"text-align: center;\">***<\/p>\n<p><strong>Le premier meet-up du Cercle a eu lieu le 13 septembre 2017<\/strong> \u00e0 Neuilly sur Seine, chez <a href=\"https:\/\/www.maltem.com\" target=\"_blank\" rel=\"noopener noreferrer\">MALTEM Consulting Group<\/a>, avec trois pr\u00e9sentations d\u00e9sormais mises\u00a0en ligne :<\/p>\n<ol>\n<li>Adli Takkal-Bataille et Jacques Favier: <a href=\"https:\/\/www.youtube.com\/watch?time_continue=1&amp;v=KgJtH1lccic\" target=\"_blank\" rel=\"noopener noreferrer\">la Monnaie Ac\u00e9phale, une histoire \u00e0 perdre la t\u00eate ?\u00a0<\/a><\/li>\n<li>Emilien Dutang : \u00a0<a href=\"https:\/\/www.youtube.com\/watch?v=oPxRRBQHwOI&amp;feature=youtu.be\" target=\"_blank\" rel=\"noopener noreferrer\">Taille des blocs, forks et autres petits drames<\/a><\/li>\n<li>Laurent Salat : \u00a0<a href=\"https:\/\/www.youtube.com\/watch?v=DnPvDPDYFIA\" target=\"_blank\" rel=\"noopener noreferrer\">Petits probl\u00e8mes de scalabilit\u00e9 entre amis<\/a><\/li>\n<\/ol>\n\n\t\t<\/div>\n\t<\/div>\n<\/div><\/div><\/div><\/div><div class=\"wpb_row clearfix vc_row-fluid\" ><div class=\"wpb_column vc_column_container vc_col-sm-12\"><div class=\"vc_column-inner\"><div class=\"wpb_wrapper\">\n\t<div class=\"wpb_single_image wpb_content_element vc_align_center\">\n\t\t\n\t\t<figure class=\"wpb_wrapper vc_figure\">\n\t\t\t<div class=\"vc_single_image-wrapper   vc_box_border_grey\"><img loading=\"lazy\" decoding=\"async\" width=\"1024\" height=\"768\" src=\"https:\/\/lecercleducoin.fr\/wp-content\/uploads\/2017\/11\/premier-meetup-1024x768.jpg\" class=\"vc_single_image-img attachment-large\" alt=\"\" srcset=\"https:\/\/lecercleducoin.fr\/wp-content\/uploads\/2017\/11\/premier-meetup-1024x768.jpg 1024w, https:\/\/lecercleducoin.fr\/wp-content\/uploads\/2017\/11\/premier-meetup-600x450.jpg 600w, https:\/\/lecercleducoin.fr\/wp-content\/uploads\/2017\/11\/premier-meetup-300x225.jpg 300w, https:\/\/lecercleducoin.fr\/wp-content\/uploads\/2017\/11\/premier-meetup-768x576.jpg 768w, https:\/\/lecercleducoin.fr\/wp-content\/uploads\/2017\/11\/premier-meetup-200x150.jpg 200w, https:\/\/lecercleducoin.fr\/wp-content\/uploads\/2017\/11\/premier-meetup.jpg 1200w\" sizes=\"auto, (max-width: 1024px) 100vw, 1024px\" \/><\/div><figcaption class=\"vc_figure-caption\">Nos meet-up sont des \u00e9v\u00e9nements studieux... suivis d&#039;un moment convivial !<\/figcaption>\n\t\t<\/figure>\n\t<\/div>\n<\/div><\/div><\/div><\/div><div class=\"wpb_row clearfix vc_row-fluid\" ><div class=\"wpb_column vc_column_container vc_col-sm-12\"><div class=\"vc_column-inner\"><div class=\"wpb_wrapper\">\n\t<div class=\"wpb_text_column wpb_content_element\">\n\t\t<div class=\"wpb_wrapper\">\n\t\t\t<p>Le\u00a0<strong>2\u00e8me meet-up a eu lieu \u00e0 Bruxelles, le 22 novembre 2017<\/strong>, gr\u00e2ce \u00e0 <a href=\"http:\/\/www.maltem.com\">MALTEM<\/a> (Bruxelles) \u00a0et \u00e0\u00a0\u00a0<a href=\"https:\/\/www.ledgerwallet.com\" target=\"_blank\" rel=\"noopener noreferrer\">LEDGER<\/a>, avec les pr\u00e9sentations suivantes :<\/p>\n<ol>\n<li>Jacques Favier et Mathieu \u00ab\u00a0Starensen\u00a0\u00bb \u00a0: \u00ab\u00a0<a href=\"https:\/\/www.youtube.com\/watch?v=uZxxaeAONEk\" target=\"_blank\" rel=\"noopener noreferrer\">Bitcoin, monnaie \u00e9colo ?<\/a>\u00ab\u00a0<\/li>\n<li>Jean-Paul Delahaye : \u00ab\u00a0<a href=\"https:\/\/www.youtube.com\/watch?v=UCWWIxBgxuk\" target=\"_blank\" rel=\"noopener\">Bitcoin ou Dollar : chacun son sale co\u00fbt<\/a>\u00a0\u00bb ( et\u00a0<a href=\"http:\/\/cristal.univ-lille.fr\/~jdelahay\/temporaire\/DelahayeBruxelles.pdf\" target=\"_blank\" rel=\"noopener noreferrer\">slides ici<\/a>)<\/li>\n<li>Benoit Huguet : \u00ab\u00a0<a href=\"https:\/\/www.youtube.com\/watch?v=8a89FvGnT3o\" target=\"_blank\" rel=\"noopener\">D\u00e9shabillez-vous<\/a><\/li>\n<\/ol>\n\n\t\t<\/div>\n\t<\/div>\n\n\t<div class=\"wpb_single_image wpb_content_element vc_align_left\">\n\t\t\n\t\t<figure class=\"wpb_wrapper vc_figure\">\n\t\t\t<div class=\"vc_single_image-wrapper   vc_box_border_grey\"><img loading=\"lazy\" decoding=\"async\" width=\"2560\" height=\"1440\" src=\"https:\/\/lecercleducoin.fr\/wp-content\/uploads\/2017\/11\/meetup-scaled.jpg\" class=\"vc_single_image-img attachment-full\" alt=\"\" srcset=\"https:\/\/lecercleducoin.fr\/wp-content\/uploads\/2017\/11\/meetup-scaled.jpg 2560w, https:\/\/lecercleducoin.fr\/wp-content\/uploads\/2017\/11\/meetup-600x338.jpg 600w, https:\/\/lecercleducoin.fr\/wp-content\/uploads\/2017\/11\/meetup-300x169.jpg 300w, https:\/\/lecercleducoin.fr\/wp-content\/uploads\/2017\/11\/meetup-768x432.jpg 768w, https:\/\/lecercleducoin.fr\/wp-content\/uploads\/2017\/11\/meetup-1024x576.jpg 1024w, https:\/\/lecercleducoin.fr\/wp-content\/uploads\/2017\/11\/meetup-200x113.jpg 200w\" sizes=\"auto, (max-width: 2560px) 100vw, 2560px\" \/><\/div>\n\t\t<\/figure>\n\t<\/div>\n<\/div><\/div><\/div><\/div><div class=\"wpb_row clearfix vc_row-fluid\" ><div class=\"wpb_column vc_column_container vc_col-sm-12\"><div class=\"vc_column-inner\"><div class=\"wpb_wrapper\">\n\t<div class=\"wpb_text_column wpb_content_element\">\n\t\t<div class=\"wpb_wrapper\">\n\t\t\t<p>Le\u00a0<strong>3\u00e8me meet-up a eu lieu \u00e0 Lyon le 13 d\u00e9cembre 2017 <\/strong>en collaboration avec le <a href=\"https:\/\/www.meetup.com\/fr-FR\/Le-MeetCoin-de-Lyon\" target=\"_blank\" rel=\"noopener noreferrer\">MeetCoin de Lyon<\/a>\u00a0et\u00a0<a href=\"https:\/\/journalducoin.com\/\" target=\"_blank\" rel=\"noopener noreferrer\">le Journal du Coin<\/a>, un media lyonnais membre du Cercle du Coin, avec les pr\u00e9sentations suivantes :<\/p>\n<ol>\n<li>Eric B\u00dcRGEL <a href=\"https:\/\/youtu.be\/dZwusgcWwEU?t=3m26s\" target=\"_blank\" rel=\"noopener\">pr\u00e9sente <em>Beyond The Void<\/em><\/a>, jeu de strat\u00e9gie en temps r\u00e9el dont la monnaie repose sur la blockchain Ethereum<\/li>\n<li>Michel FOUCAULT \u00a0\u00ab\u00a0<a href=\"https:\/\/youtu.be\/dZwusgcWwEU?t=8m15s\" target=\"_blank\" rel=\"noopener\"><em>1 fork \u00e7a va, 2 fork \u00e7a va, 3 fork&#8230; les forks du Bitcoin<\/em><\/a>\u00ab\u00a0<\/li>\n<li>iExec: \u00ab\u00a0<em>R\u00e9aliser une ICO, t\u00e9moignage d&rsquo;une ICO lyonnaise<\/em>\u00ab\u00a0<\/li>\n<li>Adli TAKKAL BATAILLE, (Pr\u00e9sident du Cercle) \u00ab\u00a0<a href=\"https:\/\/www.youtube.com\/watch?time_continue=7&amp;v=B_vwvOXLMBs\" target=\"_blank\" rel=\"noopener\"><em>L&rsquo;identit\u00e9 num\u00e9rique et ses enjeux<\/em><\/a>\u00ab\u00a0<\/li>\n<\/ol>\n\n\t\t<\/div>\n\t<\/div>\n<\/div><\/div><\/div><\/div><div class=\"wpb_row clearfix vc_row-fluid\" ><div class=\"wpb_column vc_column_container vc_col-sm-12\"><div class=\"vc_column-inner\"><div class=\"wpb_wrapper\">\n\t<div class=\"wpb_text_column wpb_content_element\">\n\t\t<div class=\"wpb_wrapper\">\n\t\t\t<p>Le <strong>4\u00e8me Meetup du Cercle a eu lieu \u00e0 Luxembourg le 21 mars 2018<\/strong>, de nouveau en partenariat avec Maltem qui accueillait l&rsquo;\u00e9v\u00e9nement et avec l&rsquo;aide du fonds <a href=\"https:\/\/genevieveco.io\" target=\"_blank\" rel=\"noopener\">Genevi\u00e8ve<\/a>. Les pr\u00e9sentations ont \u00e9t\u00e9 orient\u00e9es vers les ICO :<\/p>\n<ul>\n<li>Jacques Favier: <a href=\"https:\/\/www.youtube.com\/watch?v=r-3qrdCN-D0\" target=\"_blank\" rel=\"noopener\">Introduction, pr\u00e9sentation du Cercle et remerciements\u00a0<\/a><\/li>\n<li>Nazim Morera (<a href=\"https:\/\/bitconseil.fr\" target=\"_blank\" rel=\"noopener\">BitConseil<\/a>) : \u00ab\u00a0<a href=\"https:\/\/www.youtube.com\/watch?v=r-3qrdCN-D0&amp;feature=youtu.be&amp;t=2m12s\" target=\"_blank\" rel=\"noopener\">J&rsquo;aurais voulu \u00eatre ICO-maximaliste<\/a>\u00ab\u00a0<\/li>\n<li>Bernard Legros (<a href=\"http:\/\/stampify.me\" target=\"_blank\" rel=\"noopener\">Stampify<\/a>) : \u00ab\u00a0<a href=\"https:\/\/www.youtube.com\/watch?time_continue=1&amp;v=likRDEMAN58\" target=\"_blank\" rel=\"noopener\">Pourquoi Stampify a renonc\u00e9 \u00e0 son ICO<\/a>\u00ab\u00a0<\/li>\n<\/ul>\n\n\t\t<\/div>\n\t<\/div>\n\n\t<div class=\"wpb_single_image wpb_content_element vc_align_center\">\n\t\t\n\t\t<figure class=\"wpb_wrapper vc_figure\">\n\t\t\t<div class=\"vc_single_image-wrapper   vc_box_border_grey\"><img loading=\"lazy\" decoding=\"async\" width=\"2560\" height=\"1920\" src=\"https:\/\/lecercleducoin.fr\/wp-content\/uploads\/2018\/03\/meetup-lux-scaled.jpg\" class=\"vc_single_image-img attachment-full\" alt=\"\" srcset=\"https:\/\/lecercleducoin.fr\/wp-content\/uploads\/2018\/03\/meetup-lux-scaled.jpg 2560w, https:\/\/lecercleducoin.fr\/wp-content\/uploads\/2018\/03\/meetup-lux-600x450.jpg 600w, https:\/\/lecercleducoin.fr\/wp-content\/uploads\/2018\/03\/meetup-lux-300x225.jpg 300w, https:\/\/lecercleducoin.fr\/wp-content\/uploads\/2018\/03\/meetup-lux-768x576.jpg 768w, https:\/\/lecercleducoin.fr\/wp-content\/uploads\/2018\/03\/meetup-lux-1024x768.jpg 1024w, https:\/\/lecercleducoin.fr\/wp-content\/uploads\/2018\/03\/meetup-lux-200x150.jpg 200w\" sizes=\"auto, (max-width: 2560px) 100vw, 2560px\" \/><\/div>\n\t\t<\/figure>\n\t<\/div>\n\n\t<div class=\"wpb_text_column wpb_content_element\">\n\t\t<div class=\"wpb_wrapper\">\n\t\t\t<p>Le\u00a0<strong>5\u00e8me Meet-up du Cercle\u00a0<\/strong> a eu lieu \u00e0 Bordeaux le 30 mai 2018 sur un th\u00e8me ostensiblement \u00ab\u00a0provocateur \u00a0\u00bb et avec les orateurs suivants :<\/p>\n\n\t\t<\/div>\n\t<\/div>\n<\/div><\/div><\/div><\/div><div class=\"wpb_row clearfix vc_row-fluid\" ><div class=\"wpb_column vc_column_container vc_col-sm-6\"><div class=\"vc_column-inner\"><div class=\"wpb_wrapper\">\n\t<div class=\"wpb_text_column wpb_content_element\">\n\t\t<div class=\"wpb_wrapper\">\n\t\t\t<p><strong>Jacques FAVIER<\/strong><br \/>\n<span style=\"color: #808080;\">Historien, Co-auteur de <em>Bitcoin, la Monnaie Ac\u00e9phale<\/em>, Secr\u00e9taire du Cercle<\/span><em>\u00a0<\/em><br \/>\n<a href=\"https:\/\/www.youtube.com\/watch?v=4LyMb_2hn8c&amp;feature=youtu.be&amp;t=1m32s\" target=\"_blank\" rel=\"noopener\"><em>De la tulipomania de 1637 \u00e0 la Tulip 2.0\u00a0: ce que l\u2019histoire nous apprend (vraiment).<\/em><\/a><\/p>\n<p><strong>Marc ARTZOUNI<\/strong><br \/>\n<span style=\"color: #808080;\">Math\u00e9maticien, Professeur \u00e0 l&rsquo;Universit\u00e9 de Pau et des Pays de l&rsquo;Adour<\/span><br \/>\n<a href=\"https:\/\/youtu.be\/4LyMb_2hn8c?t=28m09s\" target=\"_blank\" rel=\"noopener\"><em>Bitcoin, entre la vente pyramidale et le sch\u00e9ma de Ponzi\u00a0: ce que disent les math\u00e9matiques<\/em><\/a><\/p>\n<p><strong>St\u00e9phane TONELLI<\/strong><br \/>\n<span style=\"color: #808080;\">Chef de groupe cybercrime, Enqu\u00eateur sp\u00e9cialis\u00e9 dans les TIC\u00a0<\/span><br \/>\n<em>Bitcoin est-il le cauchemar du gendarme ? ce qu\u2019apprend l\u2019exp\u00e9rience<\/em><\/p>\n\n\t\t<\/div>\n\t<\/div>\n<\/div><\/div><\/div><div class=\"wpb_column vc_column_container vc_col-sm-6\"><div class=\"vc_column-inner\"><div class=\"wpb_wrapper\">\n\t<div class=\"wpb_single_image wpb_content_element vc_align_center\">\n\t\t\n\t\t<figure class=\"wpb_wrapper vc_figure\">\n\t\t\t<div class=\"vc_single_image-wrapper   vc_box_border_grey\"><img loading=\"lazy\" decoding=\"async\" width=\"1445\" height=\"1304\" src=\"https:\/\/lecercleducoin.fr\/wp-content\/uploads\/2018\/05\/bordeaux-meet-up.jpg\" class=\"vc_single_image-img attachment-full\" alt=\"\" srcset=\"https:\/\/lecercleducoin.fr\/wp-content\/uploads\/2018\/05\/bordeaux-meet-up.jpg 1445w, https:\/\/lecercleducoin.fr\/wp-content\/uploads\/2018\/05\/bordeaux-meet-up-600x541.jpg 600w, https:\/\/lecercleducoin.fr\/wp-content\/uploads\/2018\/05\/bordeaux-meet-up-300x271.jpg 300w, https:\/\/lecercleducoin.fr\/wp-content\/uploads\/2018\/05\/bordeaux-meet-up-768x693.jpg 768w, https:\/\/lecercleducoin.fr\/wp-content\/uploads\/2018\/05\/bordeaux-meet-up-1024x924.jpg 1024w, https:\/\/lecercleducoin.fr\/wp-content\/uploads\/2018\/05\/bordeaux-meet-up-200x180.jpg 200w\" sizes=\"auto, (max-width: 1445px) 100vw, 1445px\" \/><\/div>\n\t\t<\/figure>\n\t<\/div>\n<\/div><\/div><\/div><\/div>\n<p>&nbsp;<\/p>\n<p><strong>Le 6\u00e8me meet-up a \u00e9t\u00e9 organis\u00e9 le 22 juin, \u00e0 Neuch\u00e2tel<\/strong>, en pr\u00e9sence du Ministre des Finances du Canton de Neuch\u00e2tel, dans les locaux de l&rsquo;Universit\u00e9 de Neuch\u00e2tel qui sponsorisait l&rsquo;\u00e9v\u00e8nement.<\/p>\n<ul>\n<li><a href=\"https:\/\/www.youtube.com\/watch?v=5FnPO5XCwog&amp;feature=youtu.be&amp;t=297\" target=\"_blank\" rel=\"noopener\">Discours d\u2019accueil de Jean-Nathana\u00ebl Karakash<\/a>, Conseiller d\u2019\u00c9tat et chef du d\u00e9partement de l\u2019\u00e9conomie et de l\u2019action sociale du canton de Neuch\u00e2tel en Suisse<\/li>\n<li>Adli Takkal Bataille, pr\u00e9sident du Cercle\u00a0et coauteur de\u00a0<a href=\"https:\/\/bitcoinlamonnaieacephale.fr\/\" target=\"_blank\" rel=\"noopener\"><em>Bitcoin, la monnaie ac\u00e9phale<\/em><\/a>\u00a0est intervenu dans le cadre du Master interfacultaire en innovation. Son intervention portait sur <a href=\"https:\/\/www.youtube.com\/watch?v=5FnPO5XCwog&amp;feature=youtu.be&amp;t=798\" target=\"_blank\" rel=\"noopener\">Bitcoin, cryptomonnaies et \u00e9conomie r\u00e9elle<\/a><\/li>\n<\/ul>\n<p>&nbsp;<\/p>\n<div class=\"wpb_single_image wpb_content_element vc_align_center\">\n\t\t\n\t\t<figure class=\"wpb_wrapper vc_figure\">\n\t\t\t<div class=\"vc_single_image-wrapper   vc_box_border_grey\"><img loading=\"lazy\" decoding=\"async\" width=\"2000\" height=\"2357\" src=\"https:\/\/lecercleducoin.fr\/wp-content\/uploads\/2019\/01\/universite\u0301-de-Neuchatel.jpg\" class=\"vc_single_image-img attachment-full\" alt=\"\" srcset=\"https:\/\/lecercleducoin.fr\/wp-content\/uploads\/2019\/01\/universite\u0301-de-Neuchatel.jpg 2000w, https:\/\/lecercleducoin.fr\/wp-content\/uploads\/2019\/01\/universite\u0301-de-Neuchatel-600x707.jpg 600w, https:\/\/lecercleducoin.fr\/wp-content\/uploads\/2019\/01\/universite\u0301-de-Neuchatel-255x300.jpg 255w, https:\/\/lecercleducoin.fr\/wp-content\/uploads\/2019\/01\/universite\u0301-de-Neuchatel-768x905.jpg 768w, https:\/\/lecercleducoin.fr\/wp-content\/uploads\/2019\/01\/universite\u0301-de-Neuchatel-869x1024.jpg 869w, https:\/\/lecercleducoin.fr\/wp-content\/uploads\/2019\/01\/universite\u0301-de-Neuchatel-170x200.jpg 170w\" sizes=\"auto, (max-width: 2000px) 100vw, 2000px\" \/><\/div>\n\t\t<\/figure>\n\t<\/div>\n\n\t<div class=\"wpb_text_column wpb_content_element\">\n\t\t<div class=\"wpb_wrapper\">\n\t\t\t\n\t\t<\/div>\n\t<\/div>\n<p><strong>Le 7\u00e8me meet-up a eu lieu \u00e0 Amiens le 19 septembre 2018, en partenariat avec la Tech Ami\u00e9noise, sur le th\u00e8me Blockchain, eldorado des entreprises ?<\/strong><\/p>\n<ul>\n<li><a href=\"https:\/\/www.youtube.com\/watch?v=m-NqVDK0jA4\" target=\"_blank\" rel=\"noopener\">D\u00e9bat<\/a> entre Fabrice Heuvrard, Expert-comptable, commissaire aux comptes et sp\u00e9cialiste des cryptomonnaies, et Cl\u00e9ment Tequi coauteur de\u00a0<em>\u00ab\u00a0<a href=\"https:\/\/www.accuracy.com\/blockchain-vers-de-nouvelles-chaines-de-valeur\" target=\"_blank\" rel=\"noopener\">Blockchain, vers de nouvelles cha\u00eenes de valeur<\/a>\u00a0\u00bb\u00a0<\/em>(\u00e9ditions Accuracy).<\/li>\n<\/ul>\n<p>&nbsp;<\/p>\n<p><strong>Le 8\u00e8me meet-up du Cercle a eu lieu le 14 novembre 2018 \u00e0 Aix-en-Provence<\/strong>, en partenariat avec la \u00ab\u00a0Chaine de Blocs\u00a0\u00bb.<\/p>\n<ul>\n<li>Fr\u00e9d\u00e9ric Martin de la \u00ab\u00a0Cha\u00eene de blocs\u00a0\u00bb : les am\u00e9liorations d\u00e9j\u00e0 apport\u00e9es \u00e0 Bitcoin et celles en pr\u00e9paration\u00a0;<\/li>\n<li>Yves Dittlot de Ledgity : les avantages de domicilier un projet \u00ab\u00a0Blockchain\u00a0\u00bb ou une ICO en Suisse par rapport \u00e0 la France.<\/li>\n<\/ul>\n<p><strong>\u00a0 <\/strong><\/p>\n<p><strong>Le 9\u00e8me meet-up du Cercle a eu lieu \u00e0 Li\u00e8ge le 12 d\u00e9cembre 2018<\/strong> en partenariat avec le Bitcoin Liege Meet-up.<\/p>\n<ul>\n<li><a href=\"https:\/\/www.youtube.com\/watch?time_continue=14&amp;v=lT05oxMbass\" target=\"_blank\" rel=\"noopener\">Introduction par Philippe Laloux<\/a> (Bitcoin Li\u00e8ge)<\/li>\n<li><a href=\"https:\/\/youtu.be\/lT05oxMbass?t=369\" target=\"_blank\" rel=\"noopener\">Pr\u00e9sentation du Cercle du Coin par Andr\u00e9 Stilmant\u00a0<\/a><\/li>\n<li><a href=\"https:\/\/www.youtube.com\/watch?v=N_HsXmetE3w\" target=\"_blank\" rel=\"noopener\">Pr\u00e9sentation de Komodi par Philippe Martin\u00a0 et Lionel Jeannerat<\/a><\/li>\n<\/ul>","protected":false},"excerpt":{"rendered":"<p>&nbsp; Le 6\u00e8me meet-up a \u00e9t\u00e9 organis\u00e9 le 22 juin, \u00e0 Neuch\u00e2tel, en pr\u00e9sence du Ministre des Finances du Canton de Neuch\u00e2tel, dans les locaux de l&rsquo;Universit\u00e9 de Neuch\u00e2tel qui sponsorisait l&rsquo;\u00e9v\u00e8nement. Discours d\u2019accueil de Jean-Nathana\u00ebl Karakash, Conseiller d\u2019\u00c9tat et chef du d\u00e9partement de l\u2019\u00e9conomie et de l\u2019action sociale du<\/p>\n<p><a class=\"sd-more sd-all-trans\" href=\"https:\/\/lecercleducoin.fr\/en\/nos-meet-up\/#more-1867\">Read More<\/a><\/p>","protected":false},"author":2,"featured_media":0,"parent":0,"menu_order":0,"comment_status":"closed","ping_status":"closed","template":"","meta":{"footnotes":""},"class_list":["post-1867","page","type-page","status-publish","hentry"],"_links":{"self":[{"href":"https:\/\/lecercleducoin.fr\/en\/wp-json\/wp\/v2\/pages\/1867","targetHints":{"allow":["GET"]}}],"collection":[{"href":"https:\/\/lecercleducoin.fr\/en\/wp-json\/wp\/v2\/pages"}],"about":[{"href":"https:\/\/lecercleducoin.fr\/en\/wp-json\/wp\/v2\/types\/page"}],"author":[{"embeddable":true,"href":"https:\/\/lecercleducoin.fr\/en\/wp-json\/wp\/v2\/users\/2"}],"replies":[{"embeddable":true,"href":"https:\/\/lecercleducoin.fr\/en\/wp-json\/wp\/v2\/comments?post=1867"}],"version-history":[{"count":32,"href":"https:\/\/lecercleducoin.fr\/en\/wp-json\/wp\/v2\/pages\/1867\/revisions"}],"predecessor-version":[{"id":2462,"href":"https:\/\/lecercleducoin.fr\/en\/wp-json\/wp\/v2\/pages\/1867\/revisions\/2462"}],"wp:attachment":[{"href":"https:\/\/lecercleducoin.fr\/en\/wp-json\/wp\/v2\/media?parent=1867"}],"curies":[{"name":"wp","href":"https:\/\/api.w.org\/{rel}","templated":true}]}}