{"id":1956,"date":"2018-01-06T11:15:15","date_gmt":"2018-01-06T10:15:15","guid":{"rendered":"https:\/\/lecercleducoin.fr\/?page_id=1956"},"modified":"2018-01-06T11:15:15","modified_gmt":"2018-01-06T10:15:15","slug":"vos-questions-sur-bitcoin-faq","status":"publish","type":"page","link":"https:\/\/lecercleducoin.fr\/en\/vos-questions-sur-bitcoin-faq\/","title":{"rendered":"Vos questions sur Bitcoin ( FAQ)"},"content":{"rendered":"<p><strong>D\u00e9couvrir Bitcoin<\/strong><\/p>\n<p>Le Cercle du Coin est souvent contact\u00e9 avec des questions tr\u00e8s g\u00e9n\u00e9rales, par des personnes qui viennent de d\u00e9couvrir l&rsquo;existence de Bitcoin.<\/p>\n<p>Le Cercle du Coin est une association au service de ses adh\u00e9rents.\u00a0Il \u00a0a aussi pour but d\u2019\u00eatre une interface avec les pouvoirs publics ou les entreprises. Mais il ne souhaite pas et\u00a0ne peut pas r\u00e9pondre \u00e0 toutes les questions de simples curieux.<\/p>\n<p>Il\u00a0n\u2019a pas non plus vocation \u00e0 fournir des formations gratuites, \u00e0 r\u00e9diger des masters, ou \u00e0 valider des business plans.<\/p>\n<p>Enfin il n\u2019est \u00e9videmment pas autoris\u00e9 \u00e0 donner des conseils d\u2019investissement.<\/p>\n<p style=\"text-align: center;\"><strong>***<\/strong><\/p>\n<p>On trouve, sur le site \u00ab\u00a0Bitcoin.fr\u00a0\u00bb (par ailleurs membre du Cercle) de tr\u00e8s nombreuses <a href=\"https:\/\/bitcoin.fr\/faq\/\" target=\"_blank\" rel=\"noopener noreferrer\">pages \u00ab\u00a0ressources<\/a>\u00a0permettant de r\u00e9pondre \u00e0 toutes les premi\u00e8res questions que peuvent surgir, et notamment\u00a0:<\/p>\n<ul>\n<li><a href=\"https:\/\/bitcoin.fr\/qu-est-ce-que-bitcoin\/\" target=\"_blank\" rel=\"noopener noreferrer\">Qu&rsquo;est-ce que Bitcoin ?<\/a><\/li>\n<li><a href=\"https:\/\/bitcoin.fr\/comment-essayer-bitcoin\/\" target=\"_blank\" rel=\"noopener noreferrer\">Par o\u00f9 commencer ?<\/a><\/li>\n<li><a href=\"https:\/\/bitcoin.fr\/comment-fonctionne-bitcoin\/\" target=\"_blank\" rel=\"noopener noreferrer\">Comment fonctionne Bitcoin ?<\/a><\/li>\n<\/ul>\n<p>La soci\u00e9t\u00e9 <a href=\"https:\/\/bitconseil.fr\" target=\"_blank\" rel=\"noopener noreferrer\">Bitconseil<\/a> a publi\u00e9 un <a href=\"https:\/\/bitconseil.fr\/produit\/bitcoin-registres-blockchain-smart-contracts-guide-bitconseil\/\" target=\"_blank\" rel=\"noopener noreferrer\">Guide<\/a> fournissant un premier niveau de r\u00e9ponses tr\u00e8s utiles.<\/p>\n<p>La <a href=\"https:\/\/lamaisondubitcoin.fr\">Maison du Bitcoin<\/a> membre du Cercle, assure des s\u00e9ances r\u00e9guli\u00e8res de pr\u00e9sentation, suivies de questions\/r\u00e9ponses, qui sont gratuites pour les particuliers. Elle assure aussi des formations (payantes) pour les entreprises, comme d\u2019autres soci\u00e9t\u00e9s du Cercle, notamment <a href=\"https:\/\/www.eurekacertification.com\" target=\"_blank\" rel=\"noopener noreferrer\">Eureka<\/a>\u00a0et <a href=\"https:\/\/www.canton-consulting.com\/fr\/\" target=\"_blank\" rel=\"noopener noreferrer\">Canton Consulting<\/a>.<\/p>\n<p>Enfin plusieurs membres du Cercle ont \u00e9crit des ouvrages fournissant des r\u00e9ponses approfondies\u00a0:<\/p>\n<ul>\n<li>Adi Takkal Bataille et Jacques Favier\u00a0: \u00ab\u00a0<a href=\"http:\/\/bitcoinlamonnaieacephale.fr\">Bitcoin, la Monnaie Ac\u00e9pahle\u00a0<\/a>\u00bb<\/li>\n<li>Pierre Noizat (Paymium)\u00a0: \u00ab\u00a0Bitcoin, mode d\u2019emploi\u00a0\u00bb et \u00ab\u00a0Bitcoin, la monnaie libre\u00a0\u00bb<\/li>\n<li>Philippe Rodriguez (Avolta) \u00ab\u00a0la Revolution Blockchain\u00a0\u00bb<\/li>\n<\/ul>\n<p>Le Cercle compte \u00e9galement en son sein des professionnels auxquels les entrepreneurs peuvent directement s&rsquo;adresser, comme <a href=\"mailto:cabinet.michelle.abraham@laposte.net\">Ma\u00eetre Michelle Abraham<\/a>\u00a0ou des experts-comptables, <a href=\"mailto:fh@fh-ec.fr\">Fabrice Heuvrard<\/a> ou <a href=\"mailto:herve.gbego@essorde.com\">Herv\u00e9 Gbego<\/a>.<\/p>","protected":false},"excerpt":{"rendered":"<p>D\u00e9couvrir Bitcoin Le Cercle du Coin est souvent contact\u00e9 avec des questions tr\u00e8s g\u00e9n\u00e9rales, par des personnes qui viennent de d\u00e9couvrir l&rsquo;existence de Bitcoin. Le Cercle du Coin est une association au service de ses adh\u00e9rents.\u00a0Il \u00a0a aussi pour but d\u2019\u00eatre une interface avec les pouvoirs publics ou les entreprises.<\/p>\n<p><a class=\"sd-more sd-all-trans\" href=\"https:\/\/lecercleducoin.fr\/en\/vos-questions-sur-bitcoin-faq\/#more-1956\">Read More<\/a><\/p>","protected":false},"author":2,"featured_media":0,"parent":0,"menu_order":0,"comment_status":"closed","ping_status":"closed","template":"","meta":{"footnotes":""},"class_list":["post-1956","page","type-page","status-publish","hentry"],"_links":{"self":[{"href":"https:\/\/lecercleducoin.fr\/en\/wp-json\/wp\/v2\/pages\/1956","targetHints":{"allow":["GET"]}}],"collection":[{"href":"https:\/\/lecercleducoin.fr\/en\/wp-json\/wp\/v2\/pages"}],"about":[{"href":"https:\/\/lecercleducoin.fr\/en\/wp-json\/wp\/v2\/types\/page"}],"author":[{"embeddable":true,"href":"https:\/\/lecercleducoin.fr\/en\/wp-json\/wp\/v2\/users\/2"}],"replies":[{"embeddable":true,"href":"https:\/\/lecercleducoin.fr\/en\/wp-json\/wp\/v2\/comments?post=1956"}],"version-history":[{"count":1,"href":"https:\/\/lecercleducoin.fr\/en\/wp-json\/wp\/v2\/pages\/1956\/revisions"}],"predecessor-version":[{"id":1957,"href":"https:\/\/lecercleducoin.fr\/en\/wp-json\/wp\/v2\/pages\/1956\/revisions\/1957"}],"wp:attachment":[{"href":"https:\/\/lecercleducoin.fr\/en\/wp-json\/wp\/v2\/media?parent=1956"}],"curies":[{"name":"wp","href":"https:\/\/api.w.org\/{rel}","templated":true}]}}