{"id":1989,"date":"2018-01-27T19:07:21","date_gmt":"2018-01-27T18:07:21","guid":{"rendered":"https:\/\/lecercleducoin.fr\/?page_id=1989"},"modified":"2024-06-21T17:20:41","modified_gmt":"2024-06-21T16:20:41","slug":"nos-communiques","status":"publish","type":"page","link":"https:\/\/lecercleducoin.fr\/en\/nos-communiques\/","title":{"rendered":"Nos communiqu\u00e9s"},"content":{"rendered":"<div class=\"wpb_row clearfix vc_row-fluid\" ><div class=\"wpb_column vc_column_container vc_col-sm-12\"><div class=\"vc_column-inner\"><div class=\"wpb_wrapper\"><div class=\"vc_empty_space\"  style=\"height: 32px\" ><span class=\"vc_empty_space_inner\"><\/span><\/div>\n<div id=\"ultimate-heading-501769ea7ff6162ea\" class=\"uvc-heading ultimate-heading-501769ea7ff6162ea uvc-9680\" data-hspacer=\"no_spacer\"  data-halign=\"center\" style=\"text-align:center\"><div class=\"uvc-heading-spacer no_spacer\" style=\"top\"><\/div><div class=\"uvc-main-heading ult-responsive\"  data-ultimate-target='.uvc-heading.ultimate-heading-501769ea7ff6162ea h1'  data-responsive-json-new='{\"font-size\":\"\",\"line-height\":\"\"}' ><h1 style=\"font-weight:normal;color:#ffffff;\">LE DERNIER COMMUNIQU\u00c9<\/h1><\/div><div class=\"uvc-sub-heading ult-responsive\"  data-ultimate-target='.uvc-heading.ultimate-heading-501769ea7ff6162ea .uvc-sub-heading '  data-responsive-json-new='{\"font-size\":\"\",\"line-height\":\"\"}'  style=\"font-weight:normal;\"><\/p>\n<h3><\/h3>\n<p><\/div><\/div><div class=\"vc_empty_space\"  style=\"height: 32px\" ><span class=\"vc_empty_space_inner\"><\/span><\/div>\n<\/div><\/div><\/div><\/div><div id=\"wpvc_row_particles\" style=\"position: absolute; left=0; top=0; width: 100%; height: 100%;background: rgba(0, 155, 76, 1.0)\" data-minspeedx=\"1\" data-maxspeedx=\"7\" data-minspeedy=\"1\" data-maxspeedy=\"7\" data-directionx=\"center\" data-directiony=\"center\" data-density=\"10000\" data-dotcolor=\"rgba(227, 244, 232, 1.0)\" data-linecolor=\"rgba(227, 244, 232, 1.0)\" data-particleradius=\"7\" data-linewidth=\"1\" data-proximity=\"100\" data-parallax=\"true\" data-parallaxmultiplier=\"5\" data-grabhover=\"true\" data-grabdistance=\"100\"><\/div><div class=\"wpb_row clearfix vc_row-fluid\" ><div class=\"wpb_column vc_column_container vc_col-sm-2\"><div class=\"vc_column-inner\"><div class=\"wpb_wrapper\"><\/div><\/div><\/div><div class=\"wpb_column vc_column_container vc_col-sm-8\"><div class=\"vc_column-inner\"><div class=\"wpb_wrapper\">\n\t<div class=\"wpb_text_column wpb_content_element\">\n\t\t<div class=\"wpb_wrapper\">\n\t\t\t<p>&nbsp;<\/p>\n<p style=\"text-align: center;\"><strong>Le Cercle du Coin<br \/>\ndans l\u2019\u00e9cosyst\u00e8me <\/strong><strong>des<br \/>\n<\/strong><strong>protocoles \u00e0 consensus d\u00e9centralis\u00e9<\/strong><\/p>\n<p>Les autorit\u00e9s fran\u00e7aises affichent depuis 2018 la volont\u00e9 de se montrer proactives vis-\u00e0-vis de l\u2019\u00e9cosyst\u00e8me de \u00ab\u00a0la Blockchain\u00a0\u00bb et de nombreux membres de notre Association ont \u00e9t\u00e9 consult\u00e9s ou auditionn\u00e9s par divers groupes de travail, rapporteurs ou commissions parlementaires. Tout en faisant mention de leur appartenance au Cercle, ils se sont exprim\u00e9s \u00e9galement \u00e0 titre personnel, ou comme entrepreneurs.<\/p>\n<p>Le gouvernement fran\u00e7ais a charg\u00e9 en 2019 la Direction G\u00e9n\u00e9rale des Entreprises de lui faire des recommandations, et celle-ci a constitu\u00e9 un groupe de travail en y conviant l\u2019ensemble des institutions int\u00e9ress\u00e9es par la d\u00e9finition d\u2019une strat\u00e9gie nationale en mati\u00e8re de blockchain, dont plusieurs associations.<\/p>\n<p>La multiplicit\u00e9 de ces associations a \u00e9t\u00e9 \u00e9voqu\u00e9e parce qu\u2019elle pose un probl\u00e8me \u00e0 l\u2019administration vis-\u00e0-vis de ses interactions avec les acteurs et qu\u2019il en r\u00e9sulterait une faible visibilit\u00e9 \u00e0 l\u2019\u00e9chelle europ\u00e9enne. Des questions ont \u00e9t\u00e9 soulev\u00e9es quant \u00e0 la possibilit\u00e9 de f\u00e9d\u00e9rer l\u2019\u00e9cosyst\u00e8me fran\u00e7ais.<\/p>\n<p><strong>Le Cercle entend donc pr\u00e9ciser un certain nombre de points.<\/strong><\/p>\n<p>Le Cercle du Coin, association de droit fran\u00e7ais, a depuis 2015 l\u2019ambition de rayonner au-del\u00e0 de l\u2019Hexagone en int\u00e9grant des administrateurs et des membres francophones de pays voisins et de territoires d\u2019Outre-Mer. Ses <a href=\"https:\/\/lecercleducoin.fr\/en\/membres\/\" target=\"_blank\" rel=\"noopener\">150 membres<\/a> (d\u00e9cembre 2018) qui se r\u00e9partissent sur 12 pays ou territoires.<\/p>\n<p>Le Cercle encourage chacun de ses membres \u00e0 s\u2019exprimer comme auteur, comme expert, comme consultant, comme enseignant ou naturellement comme entrepreneur, mais sans cr\u00e9er d\u2019\u00e9quivoque entre les int\u00e9r\u00eats particuliers d\u2019une entreprise et les sentiments d\u2019un groupe humain plus large.<\/p>\n<p>30 membres du Cercle sont en effet des personnes morales\u00a0: 2 m\u00e9dias, 2 \u00e9coles, 2 associations, des professionnels lib\u00e9raux ou consultants et des entreprises li\u00e9es au d\u00e9veloppement des blockchains depuis le minage, le courtage ou la vente de cryptomonnaies jusqu\u2019au conseil.<\/p>\n<p>Le Cercle n\u2019est pas anim\u00e9 par un esprit exclusif\u00a0: d\u00e8s l\u2019origine, des personnes impliqu\u00e9es dans d\u2019autres protocoles que Bitcoin ont particip\u00e9 \u00e0 notre Association, \u00e0 laquelle l\u2019association \u00e9theriste Asseth a adh\u00e9r\u00e9 en 2018. Les autres associations partageant les valeurs de l\u2019\u00e9cosyst\u00e8me sont bienvenues si elles d\u00e9sirent nous rejoindre. En m\u00eame temps les meet-up du Cercle sont ouverts \u00e0 des orateurs et \u00e0 des participants non-membres et les \u00ab\u00a0<a href=\"https:\/\/le-coin-coin.fr\/blogs\/repas-du-coin\/\" target=\"_blank\" rel=\"noopener\">Repas du Coin<\/a>\u00a0\u00bb mensuels ont accueilli, depuis 2015, pr\u00e8s de 500 convives diff\u00e9rents, et notamment des repr\u00e9sentants de toutes les autres associations.<\/p>\n<p>Dans l\u2019id\u00e9e de transparence indissociable du fonctionnement des blockchains, le Cercle publie sur son site la liste de ses membres, la preuve du versement de leurs cotisations et ses <a href=\"https:\/\/lecercleducoin.fr\/en\/comptes\/\" target=\"_blank\" rel=\"noopener\">comptes annuels<\/a>. Ceux-ci attestent du fait que le Cercle s\u2019autofinance, par ses adh\u00e9rents et ses donateurs.<\/p>\n<p>Le Cercle ne cherche donc aucune subvention publique.<\/p>\n<p>C\u2019est dans cette dynamique d\u2019ind\u00e9pendance, de transparence et de diversit\u00e9 que les membres du Cercle du Coin participent depuis des ann\u00e9es au d\u00e9veloppement et au succ\u00e8s du secteur des blockchains en France et au del\u00e0 de ses fronti\u00e8res. Dans cet esprit enthousiaste et libre, les membres du Cercle du Coin sont toujours disponibles pour partager leurs retours d\u2019exp\u00e9rience et participer aux consultations auxquelles ils sont convi\u00e9s.<\/p>\n<p class=\"p6\" style=\"text-align: right;\"><span class=\"s1\">Dans le cyberespace francophone, le 19 f\u00e9vrier 2018<\/span><\/p>\n\n\t\t<\/div>\n\t<\/div>\n\n\t<div class=\"wpb_text_column wpb_content_element\">\n\t\t<div class=\"wpb_wrapper\">\n\t\t\t<h3 style=\"text-align: center;\"><a href=\"http:\/\/lecercleducoin.fr\/en\/presse\/\">Voir les pr\u00e9c\u00e9dents communiqu\u00e9s.<\/a><\/h3>\n\n\t\t<\/div>\n\t<\/div>\n<\/div><\/div><\/div><div class=\"wpb_column vc_column_container vc_col-sm-2\"><div class=\"vc_column-inner\"><div class=\"wpb_wrapper\"><\/div><\/div><\/div><\/div>","protected":false},"excerpt":{"rendered":"<p><a class=\"sd-more sd-all-trans\" href=\"https:\/\/lecercleducoin.fr\/en\/nos-communiques\/#more-1989\">Read More<\/a><\/p>","protected":false},"author":1,"featured_media":0,"parent":0,"menu_order":0,"comment_status":"closed","ping_status":"closed","template":"full-width-page.php","meta":{"footnotes":""},"class_list":["post-1989","page","type-page","status-publish","hentry"],"_links":{"self":[{"href":"https:\/\/lecercleducoin.fr\/en\/wp-json\/wp\/v2\/pages\/1989","targetHints":{"allow":["GET"]}}],"collection":[{"href":"https:\/\/lecercleducoin.fr\/en\/wp-json\/wp\/v2\/pages"}],"about":[{"href":"https:\/\/lecercleducoin.fr\/en\/wp-json\/wp\/v2\/types\/page"}],"author":[{"embeddable":true,"href":"https:\/\/lecercleducoin.fr\/en\/wp-json\/wp\/v2\/users\/1"}],"replies":[{"embeddable":true,"href":"https:\/\/lecercleducoin.fr\/en\/wp-json\/wp\/v2\/comments?post=1989"}],"version-history":[{"count":4,"href":"https:\/\/lecercleducoin.fr\/en\/wp-json\/wp\/v2\/pages\/1989\/revisions"}],"predecessor-version":[{"id":2560,"href":"https:\/\/lecercleducoin.fr\/en\/wp-json\/wp\/v2\/pages\/1989\/revisions\/2560"}],"wp:attachment":[{"href":"https:\/\/lecercleducoin.fr\/en\/wp-json\/wp\/v2\/media?parent=1989"}],"curies":[{"name":"wp","href":"https:\/\/api.w.org\/{rel}","templated":true}]}}