{"id":470,"date":"2015-11-22T18:13:24","date_gmt":"2015-11-22T17:13:24","guid":{"rendered":"http:\/\/lecercleducoin.fr\/?page_id=470"},"modified":"2016-01-28T19:35:10","modified_gmt":"2016-01-28T18:35:10","slug":"statuts","status":"publish","type":"page","link":"https:\/\/lecercleducoin.fr\/en\/statuts\/","title":{"rendered":"Statuts"},"content":{"rendered":"<div class=\"wpb_row clearfix vc_row-fluid\" ><div class=\"wpb_column vc_column_container vc_col-sm-12\"><div class=\"vc_column-inner\"><div class=\"wpb_wrapper\"><div class=\"vc_empty_space\"  style=\"height: 32px\" ><span class=\"vc_empty_space_inner\"><\/span><\/div>\n<div id=\"ultimate-heading-953669e47a5253e7c\" class=\"uvc-heading ultimate-heading-953669e47a5253e7c uvc-87\" data-hspacer=\"no_spacer\"  data-halign=\"center\" style=\"text-align:center\"><div class=\"uvc-heading-spacer no_spacer\" style=\"top\"><\/div><div class=\"uvc-main-heading ult-responsive\"  data-ultimate-target='.uvc-heading.ultimate-heading-953669e47a5253e7c h1'  data-responsive-json-new='{\"font-size\":\"\",\"line-height\":\"\"}' ><h1 style=\"font-weight:normal;color:#ffffff;\">STATUTS<\/h1><\/div><\/div><div class=\"vc_empty_space\"  style=\"height: 32px\" ><span class=\"vc_empty_space_inner\"><\/span><\/div>\n<\/div><\/div><\/div><\/div><div id=\"wpvc_row_particles\" style=\"position: absolute; left=0; top=0; width: 100%; height: 100%;background: rgba(129, 0, 111, 1.0)\" data-minspeedx=\"1\" data-maxspeedx=\"7\" data-minspeedy=\"1\" data-maxspeedy=\"7\" data-directionx=\"center\" data-directiony=\"center\" data-density=\"10000\" data-dotcolor=\"rgba(247, 247, 247, 1.0)\" data-linecolor=\"rgba(255, 255, 255, 1.0)\" data-particleradius=\"7\" data-linewidth=\"1\" data-proximity=\"100\" data-parallax=\"true\" data-parallaxmultiplier=\"5\" data-grabhover=\"true\" data-grabdistance=\"100\"><\/div><div class=\"wpb_row clearfix vc_row-fluid\" ><div class=\"wpb_column vc_column_container vc_col-sm-2\"><div class=\"vc_column-inner\"><div class=\"wpb_wrapper\"><\/div><\/div><\/div><div class=\"wpb_column vc_column_container vc_col-sm-8\"><div class=\"vc_column-inner\"><div class=\"wpb_wrapper\"><div class=\"ultimate-call-to-action  ctaction-text-center\" style=\"font-weight:bold;font-size:15px;color:#ffffff;background:#383b3f;padding-top:10px;padding-bottom:10px;\"  data-background=\"#383b3f\"  data-background-hover=\"#383b3f\"  data-override=\"0\" ><div class=\"ultimate-ctaction-icon ctaction-icon-top-push\"><div class=\"ult-just-icon-wrapper\"><div class=\"align-icon\" style=\"text-align:center;\">\n<div class=\"aio-icon none\"  style=\"font-size:30px;display:inline-block;\">\n\t<i class=\"Defaults-github\"><\/i>\n<\/div><\/div><\/div><\/div><div class=\"uvc-ctaction-data uvc-ctaction-data-top-push\">Pour proposer des modifications du texte, veuillez passer par le\u00a0Github de l&rsquo;association.<\/div><a href=\"https:\/\/github.com\/geatb\/Le-Cercle-du-Coin\" class=\"ulimate-call-to-action-link\" target=\" _blank\"><\/a><\/div><div class=\"vc_empty_space\"  style=\"height: 20px\" ><span class=\"vc_empty_space_inner\"><\/span><\/div>\n\n\t<div class=\"wpb_text_column wpb_content_element\">\n\t\t<div class=\"wpb_wrapper\">\n\t\t\t<h3 class=\"p1\" style=\"text-align: center;\"><span class=\"s1\"><b>Statuts propos\u00e9s\u00a0\u00e0 l&rsquo;issue de\u00a0l\u2019Assembl\u00e9e G\u00e9n\u00e9rale\u00a0du 25 Janvier 2016<\/b><\/span><\/h3>\n<p style=\"text-align: justify;\"><strong>Article 1 \u2013 Constitution<\/strong><\/p>\n<p style=\"text-align: justify;\">Il est fond\u00e9 entre les adh\u00e9rents aux pr\u00e9sents statuts une association r\u00e9gie par la loi du 1er juillet 1901 et le d\u00e9cret du 16 ao\u00fbt 1901, ayant pour titre :\u00a0\u00a0\u00ab\u00a0Le Cercle du Coin\u00a0\u00bb.<\/p>\n<p style=\"text-align: justify;\"><strong>Article 2 \u2013 Objet<\/strong><\/p>\n<p style=\"text-align: justify;\">L\u2019association a pour objet l\u2019\u00e9tude et la promotion des nouvelles technologies favorisant l\u2019\u00e9mergence et le d\u00e9veloppement des monnaies d\u00e9centralis\u00e9es et du Bitcoin ainsi que de leurs multiples applications.<\/p>\n<p style=\"text-align: justify;\">Elle s\u2019adresse aux communaut\u00e9s francophones \u00e0 travers le monde s\u2019int\u00e9ressant \u00e0 ces monnaies d\u00e9centralis\u00e9es telles que le Bitcoin ou au concept de Blockchain et aux personnes exer\u00e7ant des professions se servant de ces outils et concepts, aux numismates, aux passionn\u00e9s de mon\u00e9tique et \u00e0 tous les curieux sur la question mon\u00e9taire \u00e0 l\u2019aune du paradigme des technologies d\u00e9centralis\u00e9es.<\/p>\n<p style=\"text-align: justify;\">Elle se donne pour objectif d\u2019organiser, dans le cadre de cet objet\u00a0\u00a0:<\/p>\n<ul style=\"text-align: justify;\">\n<li>Le rassemblement des communaut\u00e9s s\u2019int\u00e9ressant aux sujets cit\u00e9s plus haut.<\/li>\n<li>La promotion, la production d\u2019\u00e9crits et la cr\u00e9ation d\u2019un \u00e9cosyst\u00e8me de services disponible \u00e0 tous (y compris les non-membres)<\/li>\n<li>La contribution \u00e0 l\u2019organe d\u2019\u00e9v\u00e9nements locaux se rapportant aux monnaies d\u00e9centralis\u00e9es.<\/li>\n<li>Le d\u00e9veloppement d\u2019un r\u00e9seau d\u2019\u00e9changes entre n\u00e9ophytes et professionnels favorisant le d\u00e9veloppement de la connaissance ou expertise sur ce sujet.<\/li>\n<li>La promotion et la normalisation des monnaies d\u00e9centralis\u00e9es aupr\u00e8s des autorit\u00e9s locales, r\u00e9gionales, nationales et des instances de coop\u00e9ration internationale.<\/li>\n<li>L\u2019organisation d\u2019\u00e9v\u00e9nements nationaux ou internationaux.<\/li>\n<li>Toutes exp\u00e9rimentations de ces concepts et technologies illustrant le fonctionnement d\u2019une \u00e9conomie de cercle en bitcoins, l\u2019utilisation de votes \u00e9lectroniques d\u00e9centralis\u00e9s et de contrats intelligents.<\/li>\n<\/ul>\n<p style=\"text-align: justify;\"><strong>Article 3 \u2013 Dur\u00e9e<\/strong><\/p>\n<p style=\"text-align: justify;\">La dur\u00e9e de l\u2019association est\u00a0\u00a0illimit\u00e9e.<\/p>\n<p style=\"text-align: justify;\"><strong>Article 4 \u2013 Siege social<\/strong><\/p>\n<p style=\"text-align: justify;\">Le si\u00e8ge social de l\u2019association est situ\u00e9\u00a043 rue Saint-Sauveur \u00e0 Paris 2\u00e8me. Il pourra \u00eatre transf\u00e9r\u00e9 par simple d\u00e9cision du Conseil d\u2019Administration de l\u2019association.<\/p>\n<p style=\"text-align: justify;\"><strong>Article 5 \u2013 Membres<\/strong><\/p>\n<p style=\"text-align: justify;\">L\u2019association se compose de :<\/p>\n<p style=\"text-align: justify;\">a) membres fondateurs : les signataires des pr\u00e9sents statuts (Adli TAKKAL BATAILLE, Alexis ROUSSEL, Edouard VALLET, Jacques FAVIER, \u00a0Jean-Yves ROSSI, J\u00e9r\u00e9mie DUBOIS-LACOSTE, Yannick LOSBAR)<\/p>\n<p style=\"text-align: justify;\">b) membres actifs ou adh\u00e9rents : les personnes agr\u00e9\u00e9es par le Conseil d\u2019Administration, qui statue lors de chacune de ses r\u00e9unions sur les demandes d\u2019admission re\u00e7ues.<\/p>\n<p style=\"text-align: justify;\">c) membres bienfaiteurs : ils sont d\u00e9sign\u00e9s sur proposition du Conseil d\u2019Administration, au titre des dons dont ils ont fait b\u00e9n\u00e9ficier l\u2019association ; ces membres bienfaiteurs acquittent une cotisation sp\u00e9ciale d\u00e9termin\u00e9e annuellement par le Conseil d\u2019Administration. Ils b\u00e9n\u00e9ficient du droit de vote.<\/p>\n<p style=\"text-align: justify;\">d) membres d\u2019honneur : ils sont d\u00e9sign\u00e9s sur proposition du Conseil d\u2019Administration ou bien par l\u2019assembl\u00e9e g\u00e9n\u00e9rale ou par vote \u00e9lectronique, \u00e0 la majorit\u00e9 des membres \u00e0 jour de leur cotisation ; cette qualit\u00e9 r\u00e9compense des services signal\u00e9s rendus \u00e0 l\u2019association, \u00e0 la communaut\u00e9 ou \u00e0 la technologie des monnaies d\u00e9centralis\u00e9es. Ces membres sont dispens\u00e9s de cotisation. Ils peuvent \u00eatre nomm\u00e9s en cette qualit\u00e9 pour une dur\u00e9e de 5 ann\u00e9es, \u00e9ventuellement renouvelable, ou \u00e0 vie.<\/p>\n<p style=\"text-align: justify;\">Les membres peuvent \u00eatre des personnes physiques ou des personnes morales.<\/p>\n<p style=\"text-align: justify;\">Pour b\u00e9n\u00e9ficier du droit de vote et pour \u00eatre \u00e9ligible au Conseil d\u2019Administration, les membres doivent \u00eatre \u00e0 jour de leur cotisation, \u00e0 l\u2019exception des membres d\u2019honneur.<\/p>\n<p style=\"text-align: justify;\"><strong>Article 6 \u2013 Ressources<\/strong><\/p>\n<p style=\"text-align: justify;\">Les ressources de l\u2019association comprennent :<\/p>\n<ul style=\"text-align: justify;\">\n<li>Le montant des cotisations<\/li>\n<li>Le montant des donations<\/li>\n<li>les subventions re\u00e7ues de l\u2019\u00c9tat, des r\u00e9gions, des d\u00e9partements et des communes et de toute institution publique<\/li>\n<\/ul>\n<p style=\"text-align: justify;\">toutes les autres ressources autoris\u00e9es par les lois et r\u00e8glements en vigueur.<\/p>\n<p style=\"text-align: justify;\"><strong>Article 7 \u2013 Cotisation<\/strong><\/p>\n<p style=\"text-align: justify;\">Les cotisations sont d\u00e9finies par le r\u00e8glement int\u00e9rieur et sont fix\u00e9es et vers\u00e9es en bitcoin, sous r\u00e9serve d\u2019exceptions admises par le Conseil d\u2019Administration.<\/p>\n<p style=\"text-align: justify;\">La modification du montant des cotisations pourra \u00eatre d\u00e9cid\u00e9e en cours d\u2019ann\u00e9e par le Conseil d\u2019Administration apr\u00e8s la soumission d\u2019un vote \u00e9lectronique d\u00e9centralis\u00e9 \u00e0 une majorit\u00e9 de 75% de tous les membres. Toute cotisation vers\u00e9e \u00e0 l\u2019Association est d\u00e9finitivement acquise. Il ne saurait \u00eatre exig\u00e9 un remboursement de cotisation en cours d\u2019ann\u00e9e en cas de d\u00e9mission, de radiation, ou de d\u00e9c\u00e8s d\u2019un membre.<\/p>\n<p style=\"text-align: justify;\"><strong>Article 8 \u2013 Radiation<\/strong><\/p>\n<p style=\"text-align: justify;\">La qualit\u00e9 de membre se perd par la d\u00e9mission, le d\u00e9c\u00e8s, ou la radiation qui doit \u00eatre prononc\u00e9e par le Conseil d\u2019Administration de l\u2019association \u00e0 l\u2019unanimit\u00e9 des pr\u00e9sents moins une voix pour tout motif grave, l\u2019int\u00e9ress\u00e9 ayant \u00e9t\u00e9 invit\u00e9 \u00e0 fournir des explications devant le Conseil d\u2019Administration et\/ou par \u00e9crit.<\/p>\n<p style=\"text-align: justify;\"><strong>Article 9 \u2013 Assembl\u00e9e g\u00e9n\u00e9rale<\/strong><\/p>\n<p style=\"text-align: justify;\">L\u2019assembl\u00e9e g\u00e9n\u00e9rale ordinaire comprend tous les membres de l\u2019association \u00e0 jour de leur cotisation ainsi que les membres d\u2019honneur.<\/p>\n<p style=\"text-align: justify;\">Les d\u00e9cisions sont prises \u00e0 la majorit\u00e9 des membres pr\u00e9sents ou repr\u00e9sent\u00e9s. Des modalit\u00e9s de mode de scrutin peuvent appara\u00eetre dans le r\u00e8glement int\u00e9rieur. La pr\u00e9sence peut \u00eatre constitu\u00e9e par une participation \u00e0 l\u2019assembl\u00e9e g\u00e9n\u00e9rale en visioconf\u00e9rence et une participation au vote par voie \u00e9lectronique d\u00e9centralis\u00e9e.<\/p>\n<p style=\"text-align: justify;\">15 jours au moins avant la date fix\u00e9e, les membres de l\u2019association sont convoqu\u00e9s par les soins du secr\u00e9taire. L\u2019ordre du jour figure sur la convocation.<\/p>\n<p style=\"text-align: justify;\">L\u2019ordre du jour est arr\u00eat\u00e9 par le Conseil d\u2019Administration. Doit figurer \u00e0 l\u2019ordre du jour toute question dont l\u2019examen est r\u00e9clam\u00e9 par 1\/3 au moins des membres de l\u2019association.<\/p>\n<p style=\"text-align: justify;\">Le pr\u00e9sident, assist\u00e9 des membres du Conseil d\u2019Administration, pr\u00e9side l\u2019assembl\u00e9e g\u00e9n\u00e9rale<\/p>\n<p style=\"text-align: justify;\">Ne peuvent \u00eatre abord\u00e9s que les points inscrits \u00e0 l\u2019ordre du jour.<\/p>\n<p style=\"text-align: justify;\">Il est tenu une feuille de pr\u00e9sence indiquant le nom et le pr\u00e9nom. Cette feuille de pr\u00e9sence est certifi\u00e9e exacte par les membres du Conseil d\u2019Administration de l\u2019Assembl\u00e9e et est d\u00e9pos\u00e9e pour \u00eatre jointe aux proc\u00e8s-verbaux des d\u00e9lib\u00e9rations.<\/p>\n<p style=\"text-align: justify;\"><strong>Article 10 \u2013 Assembl\u00e9e G\u00e9n\u00e9rale Ordinaire<\/strong><\/p>\n<p style=\"text-align: justify;\">L\u2019assembl\u00e9e g\u00e9n\u00e9rale ordinaire doit \u00eatre convoqu\u00e9e au moins une fois par an en Janvier ( \u00e0 partir de janvier 2017 ).<\/p>\n<p style=\"text-align: justify;\">Le pr\u00e9sident, assist\u00e9 des membres du conseil, pr\u00e9side l\u2019assembl\u00e9e et expose la situation morale ou l\u2019activit\u00e9 de l\u2019association.<\/p>\n<p style=\"text-align: justify;\">Le tr\u00e9sorier rend compte de sa gestion et soumet les comptes annuels (bilan, compte de r\u00e9sultat et annexe) \u00e0 l\u2019approbation de l\u2019assembl\u00e9e. Les comptes sont \u00e9tablis en bitcoin et pr\u00e9sent\u00e9s en euros dans le respect des lois et r\u00e8glements fran\u00e7ais et des textes applicables.<\/p>\n<p style=\"text-align: justify;\">L\u2019assembl\u00e9e g\u00e9n\u00e9rale adopte le r\u00e8glement int\u00e9rieur et, notamment, le montant des cotisations annuelles et du droit d\u2019entr\u00e9e \u00e0 verser par les diff\u00e9rentes cat\u00e9gories de membres.<\/p>\n<p style=\"text-align: justify;\">Apr\u00e8s \u00e9puisement de l\u2019ordre du jour, il est proc\u00e9d\u00e9 au renouvellement des membres du Conseil d\u2019Administration sortant.<\/p>\n<p style=\"text-align: justify;\"><strong>Article 11 \u2013 Assembl\u00e9e G\u00e9n\u00e9rale Extraordinaire<\/strong><\/p>\n<p style=\"text-align: justify;\">Si besoin est, ou sur la demande de la moiti\u00e9 plus un des membres inscrits, le pr\u00e9sident peut convoquer une assembl\u00e9e g\u00e9n\u00e9rale extraordinaire, suivant les modalit\u00e9s pr\u00e9vues aux pr\u00e9sents statuts et uniquement pour modification des statuts ou la dissolution ou pour des actes portant sur des immeubles.<\/p>\n<p style=\"text-align: justify;\">Les modalit\u00e9s de convocation sont les m\u00eames que pour l\u2019assembl\u00e9e g\u00e9n\u00e9rale ordinaire.<\/p>\n<p style=\"text-align: justify;\">Les d\u00e9lib\u00e9rations sont prises \u00e0 la majorit\u00e9 des deux tiers des membres pr\u00e9sents.<\/p>\n<p style=\"text-align: justify;\"><strong>Article 12 \u2013 Conseil d\u2019Administration<\/strong><\/p>\n<p style=\"text-align: justify;\">L\u2019association est repr\u00e9sent\u00e9e et administr\u00e9e par un Conseil d\u2019Administration compos\u00e9 d\u2019un pr\u00e9sident\u00a0\u00a0d\u2019un ou plusieurs vice-pr\u00e9sidents, d\u2019un ou plusieurs secr\u00e9taires et d\u2019un tr\u00e9sorier. Le r\u00e8glement int\u00e9rieur fixe les r\u00f4les de chacun et les modalit\u00e9s avec lesquelles chacun peut communiquer au nom de l\u2019association.<\/p>\n<p style=\"text-align: justify;\">Le Conseil d\u2019Administration doit se r\u00e9unir, le cas \u00e9ch\u00e9ant par voie \u00e9lectronique, au moins tous les deux mois et aussi souvent que l\u2019int\u00e9r\u00eat de l\u2019association l\u2019exige.<\/p>\n<p style=\"text-align: justify;\">Les membres du Conseil d\u2019Administration sont \u00e9lus pour un mandat de deux ann\u00e9es civiles.<\/p>\n<p style=\"text-align: justify;\"><strong>Article 13 \u2013 Pr\u00e9sident<\/strong><\/p>\n<p style=\"text-align: justify;\">Le pr\u00e9sident et les vice-pr\u00e9sidents repr\u00e9sentent l\u2019Association dans tous les actes de la vie civile et sont investis de tous les pouvoirs \u00e0 cet effet dans les limites pr\u00e9vues par ces statuts.<\/p>\n<p style=\"text-align: justify;\">Ils ont notamment qualit\u00e9 pour ester en justice au nom de l\u2019Association en qualit\u00e9 de d\u00e9fendeurs et, avec l\u2019autorisation du Conseil d\u2019Administration, en qualit\u00e9 de demandeurs.<\/p>\n<p style=\"text-align: justify;\">En cas d\u2019absence ou d\u2019emp\u00eachement d\u2019un pr\u00e9sident, l\u2019un des vices-pr\u00e9sidents le remplace.<\/p>\n<p style=\"text-align: justify;\"><strong>Article 14 \u2013 Commission<\/strong><\/p>\n<p style=\"text-align: justify;\">Des commissions peuvent \u00eatre form\u00e9es par d\u00e9cision du Conseil d\u2019Administration dans le but de d\u00e9velopper des activit\u00e9s de l\u2019association ou de produire des rapports.<\/p>\n<p style=\"text-align: justify;\"><strong>Article 15 \u2013 Subventions<\/strong><\/p>\n<p style=\"text-align: justify;\">L\u2019association peut accorder des subventions pour des projets particuliers. Les modalit\u00e9s concernant ces subventions sont d\u00e9finies par le r\u00e8glement int\u00e9rieur.<\/p>\n<p style=\"text-align: justify;\"><strong>Article 16 \u2013 Dissolution<\/strong><\/p>\n<p style=\"text-align: justify;\">La dissolution est prononc\u00e9e par l\u2019Assembl\u00e9e G\u00e9n\u00e9rale Extraordinaire qui nomme un liquidateur. L\u2019actif sera d\u00e9volu conform\u00e9ment \u00e0 l\u2019article 9 de la loi du 1er juillet 1901 \u00e0 une association poursuivant un but identique.<\/p>\n<p style=\"text-align: justify;\"><strong>Article 17 \u2013 Lib\u00e9ralit\u00e9s<\/strong><\/p>\n<p style=\"text-align: justify;\">Le rapport et les comptes annuels, tels que d\u00e9finis \u00e0 l\u2019article 10 (y compris ceux des comit\u00e9s locaux) sont adress\u00e9s chaque ann\u00e9e au Pr\u00e9fet du d\u00e9partement.<\/p>\n<p style=\"text-align: justify;\">L\u2019association s\u2019engage \u00e0 pr\u00e9senter ses registres et pi\u00e8ces de comptabilit\u00e9 sur toute r\u00e9quisition des autorit\u00e9s administratives en ce qui concerne l\u2019emploi des lib\u00e9ralit\u00e9s qu\u2019elle serait autoris\u00e9e \u00e0 recevoir, \u00e0 laisser visiter ses \u00e9tablissements par les repr\u00e9sentants de ces autorit\u00e9s comp\u00e9tentes et \u00e0 leur rendre compte du fonctionnement desdits \u00e9tablissements.<\/p>\n\n\t\t<\/div>\n\t<\/div>\n<\/div><\/div><\/div><div class=\"wpb_column vc_column_container vc_col-sm-2\"><div class=\"vc_column-inner\"><div class=\"wpb_wrapper\"><\/div><\/div><\/div><\/div>","protected":false},"excerpt":{"rendered":"<p><a class=\"sd-more sd-all-trans\" href=\"https:\/\/lecercleducoin.fr\/en\/statuts\/#more-470\">Read More<\/a><\/p>","protected":false},"author":1,"featured_media":0,"parent":0,"menu_order":0,"comment_status":"closed","ping_status":"closed","template":"full-width-page.php","meta":{"footnotes":""},"class_list":["post-470","page","type-page","status-publish","hentry"],"_links":{"self":[{"href":"https:\/\/lecercleducoin.fr\/en\/wp-json\/wp\/v2\/pages\/470","targetHints":{"allow":["GET"]}}],"collection":[{"href":"https:\/\/lecercleducoin.fr\/en\/wp-json\/wp\/v2\/pages"}],"about":[{"href":"https:\/\/lecercleducoin.fr\/en\/wp-json\/wp\/v2\/types\/page"}],"author":[{"embeddable":true,"href":"https:\/\/lecercleducoin.fr\/en\/wp-json\/wp\/v2\/users\/1"}],"replies":[{"embeddable":true,"href":"https:\/\/lecercleducoin.fr\/en\/wp-json\/wp\/v2\/comments?post=470"}],"version-history":[{"count":16,"href":"https:\/\/lecercleducoin.fr\/en\/wp-json\/wp\/v2\/pages\/470\/revisions"}],"predecessor-version":[{"id":832,"href":"https:\/\/lecercleducoin.fr\/en\/wp-json\/wp\/v2\/pages\/470\/revisions\/832"}],"wp:attachment":[{"href":"https:\/\/lecercleducoin.fr\/en\/wp-json\/wp\/v2\/media?parent=470"}],"curies":[{"name":"wp","href":"https:\/\/api.w.org\/{rel}","templated":true}]}}