{"id":524,"date":"2015-11-22T21:21:23","date_gmt":"2015-11-22T20:21:23","guid":{"rendered":"http:\/\/lecercleducoin.fr\/?page_id=524"},"modified":"2025-01-15T09:03:57","modified_gmt":"2025-01-15T08:03:57","slug":"adhesion","status":"publish","type":"page","link":"https:\/\/lecercleducoin.fr\/en\/adhesion\/","title":{"rendered":"Adh\u00e9sion"},"content":{"rendered":"<div class=\"wpb_row clearfix vc_row-fluid\" ><div class=\"wpb_column vc_column_container vc_col-sm-12\"><div class=\"vc_column-inner\"><div class=\"wpb_wrapper\"><div class=\"vc_empty_space\"  style=\"height: 32px\" ><span class=\"vc_empty_space_inner\"><\/span><\/div>\n<div id=\"ultimate-heading-22969e45f3d4dc81\" class=\"uvc-heading ultimate-heading-22969e45f3d4dc81 uvc-397\" data-hspacer=\"no_spacer\"  data-halign=\"center\" style=\"text-align:center\"><div class=\"uvc-heading-spacer no_spacer\" style=\"top\"><\/div><div class=\"uvc-main-heading ult-responsive\"  data-ultimate-target='.uvc-heading.ultimate-heading-22969e45f3d4dc81 h1'  data-responsive-json-new='{\"font-size\":\"\",\"line-height\":\"\"}' ><h1 style=\"font-weight:normal;color:#ffffff;\">MEMBERSHIP<\/h1><\/div><\/div><div class=\"vc_empty_space\"  style=\"height: 32px\" ><span class=\"vc_empty_space_inner\"><\/span><\/div>\n<\/div><\/div><\/div><\/div><div id=\"wpvc_row_particles\" style=\"position: absolute; left=0; top=0; width: 100%; height: 100%;background: rgba(0, 157, 79, 1.0)\" data-minspeedx=\"1\" data-maxspeedx=\"7\" data-minspeedy=\"1\" data-maxspeedy=\"7\" data-directionx=\"center\" data-directiony=\"center\" data-density=\"10000\" data-dotcolor=\"rgba(247, 247, 247, 1.0)\" data-linecolor=\"rgba(247, 247, 247, 1.0)\" data-particleradius=\"7\" data-linewidth=\"1\" data-proximity=\"100\" data-parallax=\"true\" data-parallaxmultiplier=\"5\" data-grabhover=\"true\" data-grabdistance=\"100\"><\/div><div class=\"wpb_row clearfix vc_row-fluid\" ><div class=\"wpb_column vc_column_container vc_col-sm-12\"><div class=\"vc_column-inner\"><div class=\"wpb_wrapper\">\n\t<div class=\"wpb_text_column wpb_content_element\">\n\t\t<div class=\"wpb_wrapper\">\n\t\t\t<h3 style=\"text-align: center;\"><strong>Les adh\u00e9sions au Cercle du Coin sont ouvertes \u00e0 tous.<br \/>\nElles sont depuis le 14 janvier 2025 de 25 000 satoshis pour les particuliers et 50 000 satoshis pour les personnes morales. <\/strong><\/h3>\n<h3 style=\"text-align: center;\"><strong>Pour plus de d\u00e9tails rendez-vous sur le <a href=\"http:\/\/lecercleducoin.fr\/en\/reglement-interieur\/\" target=\"_blank\" rel=\"noopener\">r\u00e8glement int\u00e9rieur<\/a>.<\/strong><\/h3>\n<p style=\"text-align: center;\">(L\u2019adh\u00e9sion vaut pour l\u2019ann\u00e9e civile en cours, son prix est d\u00e9cid\u00e9 par le conseil d\u2019administration et plus g\u00e9n\u00e9ralement propos\u00e9 en AG)<\/p>\n\n\t\t<\/div>\n\t<\/div>\n\n\t\t\t<div class=\"ult_dual_button to-center\"  data-response=\"on\" id=\"ult_btn_1794709972\">\n\n\t\t\t<div class=\"ulitmate_dual_buttons ult-dual-btn3 ult_main_dualbtn\" data-bcolor=\"#333333\"data-bhcolor=\"\">\n\n\t\t\t<div class=\"ult_dualbutton-wrapper btn-inline place-template bt1\"><a href = \"http:\/\/lecercleducoin.fr\/en\/?add-to-cart=642\" target=''class=\"ult_ivan_button   round-square  with-icon icon-before with-text place-template ult_dual1\" style=\";margin-right:px;;background-color:#ffffff !important;; border-color:#333333;border-style:;border-width:0px;border-radius:px;width:480px;;\">\n\t\t\t<span class=\"ult-dual-btn-1 Style 2\" style=\"\"  data-bgcolor=\"#ffffff\" data-bghovercolor=\"#ffbb00\" data-icon_color=\"#333333\" data-icon_hover_color=\"#333333\" data-textcolor=\"#333333\" data-texthovercolor=\"#333333\" data-iconbgcolor=\"transperent\" data-iconbghovercolor=\"transperent\" data-iconborder=\"transperent\" data-iconhoverborder=\"transperent\" >\n\t\t\t<span class=\"icon-simple icon-left1 ult_btn1span\"  style=\"; \">\n<span class=\"aio-icon btn1icon none\"  style=\"color:#333333;font-size:200px;\">\n\t<i class=\"Defaults-user\" ><\/i>\n<\/span><\/span>\n\t\t\t<span class=\"text-btn ult-dual-button-title\" style=\"font-family:;font-weight:normal;font-size:30px;color:#333333;line-height:-1px;\">Particulier<\/span>\n\n\t\t\t<\/span>\n\t\t\t<\/a><span class=\"middle-text\" style=\"line-height: 1.8em;color:#ffffff;background-color:#333333;border-width:0px;\">\n\t\t\t<span class=\"middle-inner\"  >Ou<\/span>\n\t\t\t<\/span>\n\n\t\t\t<\/div>\n\n\t\t\t<div class=\"ult_dualbutton-wrapper btn-inline place-template btn2\"><a href = \"http:\/\/lecercleducoin.fr\/en\/?add-to-cart=645\" target='' class=\"ult_ivan_button   round-square  with-icon icon-after with-text place-template ult_dual2\"  style=\";background-color:#ffffff !important;;margin-left:px;;border-color:#333333;border-style:;border-width:0px;border-radius:px;width:480px;\">\n\t\t\t<span class=\"ult-dual-btn-2 Style 2\"  data-bgcolor=\"#ffffff\" data-bghovercolor=\"#ffbb00\" data-icon_color=\"#333333\" data-icon_hover_color=\"#333333\" data-textcolor=\"#333333\" data-texthovercolor=\"#333333\" data-iconbgcolor=\"transperent\" data-iconbghovercolor=\"transperent\" data-iconborder=\"transperent\" data-iconhoverborder=\"transperent\" >\n\t\t\t<span class=\"text-btn ult-dual-button-title\" style=\"font-family:;font-weight:normal;font-size:30px;color:#333333;line-height:-1px;\">Personne Morale<\/span>\n\n\t\t\t<span class=\"icon-simple icon-right2 ult_btn1span\"  style=\"; \">\n<span class=\"aio-icon btn1icon none\"  style=\"color:#333333;font-size:200px;display:inline-block;\">\n\t<i class=\"Defaults-building\" ><\/i>\n<\/span><\/span>\n\t\t\t<\/span>\n\t\t\t<\/a><\/div>\n\t\t\t<\/div>\n\t\t\t<\/div>\n\t<div class=\"wpb_text_column wpb_content_element\">\n\t\t<div class=\"wpb_wrapper\">\n\t\t\t<p style=\"text-align: center;\">Si vous ne souhaitez pas adh\u00e9rer mais que vous voulez tout de m\u00eame\u00a0soutenir l\u2019association, vous pouvez envoyer des bitcoins \u00e0 <a href=\"https:\/\/blockchain.info\/address\/39aGhi8swNxx4MdWGwimy3DD7GVTa59B5x\" target=\"_blank\" rel=\"noopener\">this address<\/a> or use our <a href=\"https:\/\/www.paypal.me\/LeCercleDuCoin\" target=\"_blank\" rel=\"noopener\">Paypal<\/a><\/p>\n\n\t\t<\/div>\n\t<\/div>\n<\/div><\/div><\/div><\/div>","protected":false},"excerpt":{"rendered":"<p><a class=\"sd-more sd-all-trans\" href=\"https:\/\/lecercleducoin.fr\/en\/adhesion\/#more-524\">Read More<\/a><\/p>","protected":false},"author":1,"featured_media":0,"parent":0,"menu_order":0,"comment_status":"closed","ping_status":"closed","template":"full-width-page.php","meta":{"footnotes":""},"class_list":["post-524","page","type-page","status-publish","hentry"],"_links":{"self":[{"href":"https:\/\/lecercleducoin.fr\/en\/wp-json\/wp\/v2\/pages\/524","targetHints":{"allow":["GET"]}}],"collection":[{"href":"https:\/\/lecercleducoin.fr\/en\/wp-json\/wp\/v2\/pages"}],"about":[{"href":"https:\/\/lecercleducoin.fr\/en\/wp-json\/wp\/v2\/types\/page"}],"author":[{"embeddable":true,"href":"https:\/\/lecercleducoin.fr\/en\/wp-json\/wp\/v2\/users\/1"}],"replies":[{"embeddable":true,"href":"https:\/\/lecercleducoin.fr\/en\/wp-json\/wp\/v2\/comments?post=524"}],"version-history":[{"count":25,"href":"https:\/\/lecercleducoin.fr\/en\/wp-json\/wp\/v2\/pages\/524\/revisions"}],"predecessor-version":[{"id":10638,"href":"https:\/\/lecercleducoin.fr\/en\/wp-json\/wp\/v2\/pages\/524\/revisions\/10638"}],"wp:attachment":[{"href":"https:\/\/lecercleducoin.fr\/en\/wp-json\/wp\/v2\/media?parent=524"}],"curies":[{"name":"wp","href":"https:\/\/api.w.org\/{rel}","templated":true}]}}