{"id":858,"date":"2016-02-17T20:14:43","date_gmt":"2016-02-17T19:14:43","guid":{"rendered":"http:\/\/lecercleducoin.fr\/?page_id=858"},"modified":"2018-01-27T19:04:30","modified_gmt":"2018-01-27T18:04:30","slug":"le-communique","status":"publish","type":"page","link":"https:\/\/lecercleducoin.fr\/en\/le-communique\/","title":{"rendered":"Le Communiqu\u00e9"},"content":{"rendered":"<div class=\"wpb_row clearfix vc_row-fluid\" ><div class=\"wpb_column vc_column_container vc_col-sm-12\"><div class=\"vc_column-inner\"><div class=\"wpb_wrapper\"><div class=\"vc_empty_space\"  style=\"height: 32px\" ><span class=\"vc_empty_space_inner\"><\/span><\/div>\n<div id=\"ultimate-heading-40869e33c81c6470\" class=\"uvc-heading ultimate-heading-40869e33c81c6470 uvc-9040\" data-hspacer=\"no_spacer\"  data-halign=\"center\" style=\"text-align:center\"><div class=\"uvc-heading-spacer no_spacer\" style=\"top\"><\/div><div class=\"uvc-main-heading ult-responsive\"  data-ultimate-target='.uvc-heading.ultimate-heading-40869e33c81c6470 h1'  data-responsive-json-new='{\"font-size\":\"\",\"line-height\":\"\"}' ><h1 style=\"font-weight:normal;color:#ffffff;\">LE DERNIER COMMUNIQU\u00c9<\/h1><\/div><div class=\"uvc-sub-heading ult-responsive\"  data-ultimate-target='.uvc-heading.ultimate-heading-40869e33c81c6470 .uvc-sub-heading '  data-responsive-json-new='{\"font-size\":\"\",\"line-height\":\"\"}'  style=\"font-weight:normal;\"><\/p>\n<h3><\/h3>\n<p><\/div><\/div><div class=\"vc_empty_space\"  style=\"height: 32px\" ><span class=\"vc_empty_space_inner\"><\/span><\/div>\n<\/div><\/div><\/div><\/div><div id=\"wpvc_row_particles\" style=\"position: absolute; left=0; top=0; width: 100%; height: 100%;background: rgba(0, 155, 76, 1.0)\" data-minspeedx=\"1\" data-maxspeedx=\"7\" data-minspeedy=\"1\" data-maxspeedy=\"7\" data-directionx=\"center\" data-directiony=\"center\" data-density=\"10000\" data-dotcolor=\"rgba(227, 244, 232, 1.0)\" data-linecolor=\"rgba(227, 244, 232, 1.0)\" data-particleradius=\"7\" data-linewidth=\"1\" data-proximity=\"100\" data-parallax=\"true\" data-parallaxmultiplier=\"5\" data-grabhover=\"true\" data-grabdistance=\"100\"><\/div><div class=\"wpb_row clearfix vc_row-fluid\" ><div class=\"wpb_column vc_column_container vc_col-sm-2\"><div class=\"vc_column-inner\"><div class=\"wpb_wrapper\"><\/div><\/div><\/div><div class=\"wpb_column vc_column_container vc_col-sm-8\"><div class=\"vc_column-inner\"><div class=\"wpb_wrapper\">\n\t<div class=\"wpb_single_image wpb_content_element vc_align_center\">\n\t\t\n\t\t<figure class=\"wpb_wrapper vc_figure\">\n\t\t\t<a href=\"http:\/\/lecercleducoin.fr\/en\/?p=524\" target=\"_self\" class=\"vc_single_image-wrapper   vc_box_border_grey\"><img loading=\"lazy\" decoding=\"async\" width=\"778\" height=\"733\" src=\"https:\/\/lecercleducoin.fr\/wp-content\/uploads\/2016\/02\/Halving-Cercle.jpg\" class=\"vc_single_image-img attachment-full\" alt=\"\" srcset=\"https:\/\/lecercleducoin.fr\/wp-content\/uploads\/2016\/02\/Halving-Cercle.jpg 778w, https:\/\/lecercleducoin.fr\/wp-content\/uploads\/2016\/02\/Halving-Cercle-600x565.jpg 600w, https:\/\/lecercleducoin.fr\/wp-content\/uploads\/2016\/02\/Halving-Cercle-300x283.jpg 300w, https:\/\/lecercleducoin.fr\/wp-content\/uploads\/2016\/02\/Halving-Cercle-768x724.jpg 768w, https:\/\/lecercleducoin.fr\/wp-content\/uploads\/2016\/02\/Halving-Cercle-200x188.jpg 200w, https:\/\/lecercleducoin.fr\/wp-content\/uploads\/2016\/02\/Halving-Cercle-75x70.jpg 75w\" sizes=\"auto, (max-width: 778px) 100vw, 778px\" \/><\/a>\n\t\t<\/figure>\n\t<\/div>\n\n\t<div class=\"wpb_text_column wpb_content_element\">\n\t\t<div class=\"wpb_wrapper\">\n\t\t\t<h3 style=\"text-align: center;\"><a href=\"http:\/\/lecercleducoin.fr\/en\/presse\/\">Voir les pr\u00e9c\u00e9dents communiqu\u00e9s.<\/a><\/h3>\n\n\t\t<\/div>\n\t<\/div>\n<\/div><\/div><\/div><div class=\"wpb_column vc_column_container vc_col-sm-2\"><div class=\"vc_column-inner\"><div class=\"wpb_wrapper\"><\/div><\/div><\/div><\/div>","protected":false},"excerpt":{"rendered":"<p><a class=\"sd-more sd-all-trans\" href=\"https:\/\/lecercleducoin.fr\/en\/le-communique\/#more-858\">Read More<\/a><\/p>","protected":false},"author":1,"featured_media":0,"parent":0,"menu_order":0,"comment_status":"closed","ping_status":"closed","template":"full-width-page.php","meta":{"footnotes":""},"class_list":["post-858","page","type-page","status-publish","hentry"],"_links":{"self":[{"href":"https:\/\/lecercleducoin.fr\/en\/wp-json\/wp\/v2\/pages\/858","targetHints":{"allow":["GET"]}}],"collection":[{"href":"https:\/\/lecercleducoin.fr\/en\/wp-json\/wp\/v2\/pages"}],"about":[{"href":"https:\/\/lecercleducoin.fr\/en\/wp-json\/wp\/v2\/types\/page"}],"author":[{"embeddable":true,"href":"https:\/\/lecercleducoin.fr\/en\/wp-json\/wp\/v2\/users\/1"}],"replies":[{"embeddable":true,"href":"https:\/\/lecercleducoin.fr\/en\/wp-json\/wp\/v2\/comments?post=858"}],"version-history":[{"count":27,"href":"https:\/\/lecercleducoin.fr\/en\/wp-json\/wp\/v2\/pages\/858\/revisions"}],"predecessor-version":[{"id":862,"href":"https:\/\/lecercleducoin.fr\/en\/wp-json\/wp\/v2\/pages\/858\/revisions\/862"}],"wp:attachment":[{"href":"https:\/\/lecercleducoin.fr\/en\/wp-json\/wp\/v2\/media?parent=858"}],"curies":[{"name":"wp","href":"https:\/\/api.w.org\/{rel}","templated":true}]}}